{"id":91059,"date":"2024-01-04T10:57:28","date_gmt":"2024-01-04T09:57:28","guid":{"rendered":"https:\/\/www.leselfes.com\/se-forman-animadores-de-esqui-y-snowboard\/"},"modified":"2025-03-14T16:21:57","modified_gmt":"2025-03-14T15:21:57","slug":"se-forman-animadores-de-esqui-y-snowboard","status":"publish","type":"page","link":"https:\/\/www.leselfes.com\/es\/les-elfes-international-trabaja-con-nosotros\/se-forman-animadores-de-esqui-y-snowboard\/","title":{"rendered":"Formulario para monitores de campamentos de esqu\u00ed y snowboard"},"content":{"rendered":"[vc_row type=\u00bbin_container\u00bb full_screen_row_position=\u00bbmiddle\u00bb column_margin=\u00bbdefault\u00bb column_direction=\u00bbdefault\u00bb column_direction_tablet=\u00bbdefault\u00bb column_direction_phone=\u00bbdefault\u00bb scene_position=\u00bbcenter\u00bb top_padding=\u00bb50&#8243; constrain_group_1=\u00bbyes\u00bb bottom_padding=\u00bb100&#8243; text_color=\u00bbdark\u00bb text_align=\u00bbleft\u00bb row_border_radius=\u00bbnone\u00bb row_border_radius_applies=\u00bbbg\u00bb overflow=\u00bbvisible\u00bb overlay_strength=\u00bb0.3&#8243; gradient_direction=\u00bbleft_to_right\u00bb shape_divider_position=\u00bbbottom\u00bb bg_image_animation=\u00bbnone\u00bb gradient_type=\u00bbdefault\u00bb shape_type=\u00bb\u00bb][vc_column column_padding=\u00bbno-extra-padding\u00bb column_padding_tablet=\u00bbinherit\u00bb column_padding_phone=\u00bbinherit\u00bb column_padding_position=\u00bball\u00bb column_element_direction_desktop=\u00bbdefault\u00bb column_element_spacing=\u00bbdefault\u00bb desktop_text_alignment=\u00bbdefault\u00bb tablet_text_alignment=\u00bbdefault\u00bb phone_text_alignment=\u00bbdefault\u00bb background_color_opacity=\u00bb1&#8243; background_hover_color_opacity=\u00bb1&#8243; column_backdrop_filter=\u00bbnone\u00bb column_shadow=\u00bbnone\u00bb column_border_radius=\u00bbnone\u00bb column_link_target=\u00bb_self\u00bb column_position=\u00bbdefault\u00bb gradient_direction=\u00bbleft_to_right\u00bb overlay_strength=\u00bb0.3&#8243; width=\u00bb1\/1&#8243; tablet_width_inherit=\u00bbdefault\u00bb animation_type=\u00bbdefault\u00bb bg_image_animation=\u00bbnone\u00bb border_type=\u00bbsimple\u00bb column_border_width=\u00bbnone\u00bb column_border_style=\u00bbsolid\u00bb][vc_column_text text_direction=\u00bbdefault\u00bb el_class=\u00bbfs35&#8243;]\n<h1 style=\"text-align: center;\">\u00a1Ya casi lo has conseguido! S\u00f3lo tienes que rellenar el formulario para el puesto de animador aqu\u00ed abajo: <\/h1>\n[\/vc_column_text][vc_column_text text_direction=\u00bbdefault\u00bb][\/vc_column_text][vc_row_inner column_margin=\u00bbdefault\u00bb column_direction=\u00bbdefault\u00bb column_direction_tablet=\u00bbdefault\u00bb column_direction_phone=\u00bbdefault\u00bb text_align=\u00bbleft\u00bb row_position=\u00bbdefault\u00bb row_position_tablet=\u00bbinherit\u00bb row_position_phone=\u00bbinherit\u00bb overflow=\u00bbvisible\u00bb pointer_events=\u00bball\u00bb][vc_column_inner column_padding=\u00bbno-extra-padding\u00bb column_padding_tablet=\u00bbinherit\u00bb column_padding_phone=\u00bbinherit\u00bb column_padding_position=\u00bball\u00bb column_element_direction_desktop=\u00bbdefault\u00bb column_element_spacing=\u00bbdefault\u00bb centered_text=\u00bbtrue\u00bb desktop_text_alignment=\u00bbcenter\u00bb tablet_text_alignment=\u00bbdefault\u00bb phone_text_alignment=\u00bbdefault\u00bb background_color_opacity=\u00bb1&#8243; background_hover_color_opacity=\u00bb1&#8243; column_backdrop_filter=\u00bbnone\u00bb column_shadow=\u00bbnone\u00bb column_border_radius=\u00bbnone\u00bb column_link_target=\u00bb_self\u00bb overflow=\u00bbvisible\u00bb gradient_direction=\u00bbleft_to_right\u00bb overlay_strength=\u00bb0.3&#8243; width=\u00bb1\/1&#8243; tablet_width_inherit=\u00bbdefault\u00bb animation_type=\u00bbdefault\u00bb bg_image_animation=\u00bbnone\u00bb border_type=\u00bbsimple\u00bb column_border_width=\u00bbnone\u00bb column_border_style=\u00bbsolid\u00bb column_padding_type=\u00bbdefault\u00bb gradient_type=\u00bbdefault\u00bb][nectar_cta btn_style=\u00bbbasic\u00bb heading_tag=\u00bbspan\u00bb button_color=\u00bbaccent-color\u00bb button_color_hover=\u00bb#4d8abf\u00bb text_color=\u00bb#ffffff\u00bb text_color_hover=\u00bb#ffffff\u00bb button_border_thickness=\u00bb0px\u00bb link_type=\u00bbregular\u00bb alignment=\u00bbleft\u00bb alignment_tablet=\u00bbdefault\u00bb alignment_phone=\u00bbdefault\u00bb display=\u00bbblock\u00bb display_tablet=\u00bbinherit\u00bb display_phone=\u00bbinherit\u00bb icon_family=\u00bbnone\u00bb link_text=\u00bbVolver a la lista de puestos vacantes\u00bb padding_top=\u00bb10&#8243; padding_bottom=\u00bb10&#8243; padding_left=\u00bb31&#8243; padding_right=\u00bb30&#8243; url=\u00bbhttps:\/\/www.leselfes.com\/es\/les-elfes-international-trabaja-con-nosotros\/\u00bb][\/vc_column_inner][\/vc_row_inner][\/vc_column][\/vc_row]\n","protected":false},"excerpt":{"rendered":"<p>[vc_row type=\u00bbin_container\u00bb full_screen_row_position=\u00bbmiddle\u00bb column_margin=\u00bbdefault\u00bb column_direction=\u00bbdefault\u00bb column_direction_tablet=\u00bbdefault\u00bb column_direction_phone=\u00bbdefault\u00bb scene_position=\u00bbcenter\u00bb top_padding=\u00bb50&#8243; constrain_group_1=\u00bbyes\u00bb bottom_padding=\u00bb100&#8243; text_color=\u00bbdark\u00bb text_align=\u00bbleft\u00bb row_border_radius=\u00bbnone\u00bb row_border_radius_applies=\u00bbbg\u00bb overflow=\u00bbvisible\u00bb overlay_strength=\u00bb0.3&#8243; gradient_direction=\u00bbleft_to_right\u00bb shape_divider_position=\u00bbbottom\u00bb bg_image_animation=\u00bbnone\u00bb gradient_type=\u00bbdefault\u00bb shape_type=\u00bb\u00bb][vc_column column_padding=\u00bbno-extra-padding\u00bb column_padding_tablet=\u00bbinherit\u00bb column_padding_phone=\u00bbinherit\u00bb column_padding_position=\u00bball\u00bb column_element_direction_desktop=\u00bbdefault\u00bb column_element_spacing=\u00bbdefault\u00bb desktop_text_alignment=\u00bbdefault\u00bb tablet_text_alignment=\u00bbdefault\u00bb&#8230;<\/p>\n","protected":false},"author":1,"featured_media":0,"parent":91363,"menu_order":0,"comment_status":"closed","ping_status":"closed","template":"","meta":{"_acf_changed":false,"inline_featured_image":false,"footnotes":""},"class_list":["post-91059","page","type-page","status-publish"],"acf":[],"yoast_head":"<!-- This site is optimized with the Yoast SEO Premium plugin v24.2 (Yoast SEO v24.7) - https:\/\/yoast.com\/wordpress\/plugins\/seo\/ -->\n<title>Formulario para monitores de campamentos de esqu\u00ed y snowboard - Les Elfes International Camps Switzerland<\/title>\n<meta name=\"description\" content=\"Proporcionar un entorno divertido y seguro para que todos los alumnos aprendan y mejoren en las pistas.Tus principales tareas: - Horas de trabajo entre 8h - 16h cada d\u00eda- Trabajar 6 d\u00edas a la semana- Contrato de temporada Nov - Mayo- Instruir y dirigir entre 4 - 7 alumnos en las pistas- Organizar grupos de esqu\u00ed con otros instructores para asegurar que los alumnos est\u00e1n en los niveles correctos- Almorzar e interactuar con los ni\u00f1os durante la pausa del almuerzo- Interact\u00faa con los alumnos y crea nuevos recuerdos para ellos- Haz fotos de todos los alumnos de tu grupo de esqu\u00ed para subirlas cada d\u00eda a nuestras redes sociales- Forma parte del equipo de animaci\u00f3n y ayuda durante un par de horas por la tarde\/noche- Haz que los alumnos del campamento vivan muchos momentos memorables- Organiza una entrega de premios al final de la semana para tu grupo de esqu\u00ed\" \/>\n<meta name=\"robots\" content=\"index, follow, max-snippet:-1, max-image-preview:large, max-video-preview:-1\" \/>\n<link rel=\"canonical\" href=\"https:\/\/www.leselfes.com\/es\/les-elfes-international-trabaja-con-nosotros\/se-forman-animadores-de-esqui-y-snowboard\/\" \/>\n<meta property=\"og:locale\" content=\"es_ES\" \/>\n<meta property=\"og:type\" content=\"article\" \/>\n<meta property=\"og:title\" content=\"Formulario para monitores de campamentos de esqu\u00ed y snowboard\" \/>\n<meta property=\"og:description\" content=\"Proporcionar un entorno divertido y seguro para que todos los alumnos aprendan y mejoren en las pistas.Tus principales tareas: - Horas de trabajo entre 8h - 16h cada d\u00eda- Trabajar 6 d\u00edas a la semana- Contrato de temporada Nov - Mayo- Instruir y dirigir entre 4 - 7 alumnos en las pistas- Organizar grupos de esqu\u00ed con otros instructores para asegurar que los alumnos est\u00e1n en los niveles correctos- Almorzar e interactuar con los ni\u00f1os durante la pausa del almuerzo- Interact\u00faa con los alumnos y crea nuevos recuerdos para ellos- Haz fotos de todos los alumnos de tu grupo de esqu\u00ed para subirlas cada d\u00eda a nuestras redes sociales- Forma parte del equipo de animaci\u00f3n y ayuda durante un par de horas por la tarde\/noche- Haz que los alumnos del campamento vivan muchos momentos memorables- Organiza una entrega de premios al final de la semana para tu grupo de esqu\u00ed\" \/>\n<meta property=\"og:url\" content=\"https:\/\/www.leselfes.com\/es\/les-elfes-international-trabaja-con-nosotros\/se-forman-animadores-de-esqui-y-snowboard\/\" \/>\n<meta property=\"og:site_name\" content=\"Les Elfes International Camps Switzerland\" \/>\n<meta property=\"article:publisher\" content=\"https:\/\/www.facebook.com\/LesElfesVerbier\" \/>\n<meta property=\"article:modified_time\" content=\"2025-03-14T15:21:57+00:00\" \/>\n<meta property=\"og:image\" content=\"https:\/\/www.leselfes.com\/wp-content\/uploads\/2022\/02\/Les-Elfes-International-summer-camp-Switzerland-Staff-Mobile-591x555-1.jpg\" \/>\n\t<meta property=\"og:image:width\" content=\"591\" \/>\n\t<meta property=\"og:image:height\" content=\"555\" \/>\n\t<meta property=\"og:image:type\" content=\"image\/jpeg\" \/>\n<meta name=\"twitter:card\" content=\"summary_large_image\" \/>\n<meta name=\"twitter:site\" content=\"@LesElfesCamps\" \/>\n<meta name=\"twitter:label1\" content=\"Tiempo de lectura\" \/>\n\t<meta name=\"twitter:data1\" content=\"2 minutos\" \/>\n<script type=\"application\/ld+json\" class=\"yoast-schema-graph\">{\"@context\":\"https:\/\/schema.org\",\"@graph\":[{\"@type\":\"WebPage\",\"@id\":\"https:\/\/www.leselfes.com\/es\/les-elfes-international-trabaja-con-nosotros\/se-forman-animadores-de-esqui-y-snowboard\/\",\"url\":\"https:\/\/www.leselfes.com\/es\/les-elfes-international-trabaja-con-nosotros\/se-forman-animadores-de-esqui-y-snowboard\/\",\"name\":\"Formulario para monitores de campamentos de esqu\u00ed y snowboard - Les Elfes International Camps Switzerland\",\"isPartOf\":{\"@id\":\"https:\/\/dev.leselfes.com\/#website\"},\"datePublished\":\"2024-01-04T09:57:28+00:00\",\"dateModified\":\"2025-03-14T15:21:57+00:00\",\"description\":\"Proporcionar un entorno divertido y seguro para que todos los alumnos aprendan y mejoren en las pistas.Tus principales tareas: - Horas de trabajo entre 8h - 16h cada d\u00eda- Trabajar 6 d\u00edas a la semana- Contrato de temporada Nov - Mayo- Instruir y dirigir entre 4 - 7 alumnos en las pistas- Organizar grupos de esqu\u00ed con otros instructores para asegurar que los alumnos est\u00e1n en los niveles correctos- Almorzar e interactuar con los ni\u00f1os durante la pausa del almuerzo- Interact\u00faa con los alumnos y crea nuevos recuerdos para ellos- Haz fotos de todos los alumnos de tu grupo de esqu\u00ed para subirlas cada d\u00eda a nuestras redes sociales- Forma parte del equipo de animaci\u00f3n y ayuda durante un par de horas por la tarde\/noche- Haz que los alumnos del campamento vivan muchos momentos memorables- Organiza una entrega de premios al final de la semana para tu grupo de esqu\u00ed\",\"breadcrumb\":{\"@id\":\"https:\/\/www.leselfes.com\/es\/les-elfes-international-trabaja-con-nosotros\/se-forman-animadores-de-esqui-y-snowboard\/#breadcrumb\"},\"inLanguage\":\"es\",\"potentialAction\":[{\"@type\":\"ReadAction\",\"target\":[\"https:\/\/www.leselfes.com\/es\/les-elfes-international-trabaja-con-nosotros\/se-forman-animadores-de-esqui-y-snowboard\/\"]}]},{\"@type\":\"BreadcrumbList\",\"@id\":\"https:\/\/www.leselfes.com\/es\/les-elfes-international-trabaja-con-nosotros\/se-forman-animadores-de-esqui-y-snowboard\/#breadcrumb\",\"itemListElement\":[{\"@type\":\"ListItem\",\"position\":1,\"name\":\"Home\",\"item\":\"https:\/\/www.leselfes.com\/es\/inicio\/\"},{\"@type\":\"ListItem\",\"position\":2,\"name\":\"Les Elfes International &#8211; Trabaja con nosotros\",\"item\":\"https:\/\/www.leselfes.com\/es\/les-elfes-international-trabaja-con-nosotros\/\"},{\"@type\":\"ListItem\",\"position\":3,\"name\":\"Formulario para monitores de campamentos de esqu\u00ed y snowboard\"}]},{\"@type\":\"WebSite\",\"@id\":\"https:\/\/dev.leselfes.com\/#website\",\"url\":\"https:\/\/dev.leselfes.com\/\",\"name\":\"Les Elfes International\",\"description\":\"Les Elfes International, Verbier Switzerland. Summer Camp, Winter Camp, Spring Camps.\",\"publisher\":{\"@id\":\"https:\/\/dev.leselfes.com\/#organization\"},\"alternateName\":\"Les Elfes International\",\"potentialAction\":[{\"@type\":\"SearchAction\",\"target\":{\"@type\":\"EntryPoint\",\"urlTemplate\":\"https:\/\/dev.leselfes.com\/?s={search_term_string}\"},\"query-input\":{\"@type\":\"PropertyValueSpecification\",\"valueRequired\":true,\"valueName\":\"search_term_string\"}}],\"inLanguage\":\"es\"},{\"@type\":\"Organization\",\"@id\":\"https:\/\/dev.leselfes.com\/#organization\",\"name\":\"Les Elfes International\",\"alternateName\":\"Les Elfes International\",\"url\":\"https:\/\/dev.leselfes.com\/\",\"logo\":{\"@type\":\"ImageObject\",\"inLanguage\":\"es\",\"@id\":\"https:\/\/dev.leselfes.com\/#\/schema\/logo\/image\/\",\"url\":\"https:\/\/www.leselfes.com\/wp-content\/uploads\/2022\/03\/leselfes-logo.png\",\"contentUrl\":\"https:\/\/www.leselfes.com\/wp-content\/uploads\/2022\/03\/leselfes-logo.png\",\"width\":233,\"height\":51,\"caption\":\"Les Elfes International\"},\"image\":{\"@id\":\"https:\/\/dev.leselfes.com\/#\/schema\/logo\/image\/\"},\"sameAs\":[\"https:\/\/www.facebook.com\/LesElfesVerbier\",\"https:\/\/x.com\/LesElfesCamps\",\"https:\/\/www.instagram.com\/leselfes\",\"https:\/\/www.linkedin.com\/company\/les-elfes-international\",\"https:\/\/www.youtube.com\/user\/LesElfesVerbier\"]}]}<\/script>\n<!-- \/ Yoast SEO Premium plugin. -->","yoast_head_json":{"title":"Formulario para monitores de campamentos de esqu\u00ed y snowboard - Les Elfes International Camps Switzerland","description":"Proporcionar un entorno divertido y seguro para que todos los alumnos aprendan y mejoren en las pistas.Tus principales tareas: - Horas de trabajo entre 8h - 16h cada d\u00eda- Trabajar 6 d\u00edas a la semana- Contrato de temporada Nov - Mayo- Instruir y dirigir entre 4 - 7 alumnos en las pistas- Organizar grupos de esqu\u00ed con otros instructores para asegurar que los alumnos est\u00e1n en los niveles correctos- Almorzar e interactuar con los ni\u00f1os durante la pausa del almuerzo- Interact\u00faa con los alumnos y crea nuevos recuerdos para ellos- Haz fotos de todos los alumnos de tu grupo de esqu\u00ed para subirlas cada d\u00eda a nuestras redes sociales- Forma parte del equipo de animaci\u00f3n y ayuda durante un par de horas por la tarde\/noche- Haz que los alumnos del campamento vivan muchos momentos memorables- Organiza una entrega de premios al final de la semana para tu grupo de esqu\u00ed","robots":{"index":"index","follow":"follow","max-snippet":"max-snippet:-1","max-image-preview":"max-image-preview:large","max-video-preview":"max-video-preview:-1"},"canonical":"https:\/\/www.leselfes.com\/es\/les-elfes-international-trabaja-con-nosotros\/se-forman-animadores-de-esqui-y-snowboard\/","og_locale":"es_ES","og_type":"article","og_title":"Formulario para monitores de campamentos de esqu\u00ed y snowboard","og_description":"Proporcionar un entorno divertido y seguro para que todos los alumnos aprendan y mejoren en las pistas.Tus principales tareas: - Horas de trabajo entre 8h - 16h cada d\u00eda- Trabajar 6 d\u00edas a la semana- Contrato de temporada Nov - Mayo- Instruir y dirigir entre 4 - 7 alumnos en las pistas- Organizar grupos de esqu\u00ed con otros instructores para asegurar que los alumnos est\u00e1n en los niveles correctos- Almorzar e interactuar con los ni\u00f1os durante la pausa del almuerzo- Interact\u00faa con los alumnos y crea nuevos recuerdos para ellos- Haz fotos de todos los alumnos de tu grupo de esqu\u00ed para subirlas cada d\u00eda a nuestras redes sociales- Forma parte del equipo de animaci\u00f3n y ayuda durante un par de horas por la tarde\/noche- Haz que los alumnos del campamento vivan muchos momentos memorables- Organiza una entrega de premios al final de la semana para tu grupo de esqu\u00ed","og_url":"https:\/\/www.leselfes.com\/es\/les-elfes-international-trabaja-con-nosotros\/se-forman-animadores-de-esqui-y-snowboard\/","og_site_name":"Les Elfes International Camps Switzerland","article_publisher":"https:\/\/www.facebook.com\/LesElfesVerbier","article_modified_time":"2025-03-14T15:21:57+00:00","og_image":[{"width":591,"height":555,"url":"https:\/\/www.leselfes.com\/wp-content\/uploads\/2022\/02\/Les-Elfes-International-summer-camp-Switzerland-Staff-Mobile-591x555-1.jpg","type":"image\/jpeg"}],"twitter_card":"summary_large_image","twitter_site":"@LesElfesCamps","twitter_misc":{"Tiempo de lectura":"2 minutos"},"schema":{"@context":"https:\/\/schema.org","@graph":[{"@type":"WebPage","@id":"https:\/\/www.leselfes.com\/es\/les-elfes-international-trabaja-con-nosotros\/se-forman-animadores-de-esqui-y-snowboard\/","url":"https:\/\/www.leselfes.com\/es\/les-elfes-international-trabaja-con-nosotros\/se-forman-animadores-de-esqui-y-snowboard\/","name":"Formulario para monitores de campamentos de esqu\u00ed y snowboard - Les Elfes International Camps Switzerland","isPartOf":{"@id":"https:\/\/dev.leselfes.com\/#website"},"datePublished":"2024-01-04T09:57:28+00:00","dateModified":"2025-03-14T15:21:57+00:00","description":"Proporcionar un entorno divertido y seguro para que todos los alumnos aprendan y mejoren en las pistas.Tus principales tareas: - Horas de trabajo entre 8h - 16h cada d\u00eda- Trabajar 6 d\u00edas a la semana- Contrato de temporada Nov - Mayo- Instruir y dirigir entre 4 - 7 alumnos en las pistas- Organizar grupos de esqu\u00ed con otros instructores para asegurar que los alumnos est\u00e1n en los niveles correctos- Almorzar e interactuar con los ni\u00f1os durante la pausa del almuerzo- Interact\u00faa con los alumnos y crea nuevos recuerdos para ellos- Haz fotos de todos los alumnos de tu grupo de esqu\u00ed para subirlas cada d\u00eda a nuestras redes sociales- Forma parte del equipo de animaci\u00f3n y ayuda durante un par de horas por la tarde\/noche- Haz que los alumnos del campamento vivan muchos momentos memorables- Organiza una entrega de premios al final de la semana para tu grupo de esqu\u00ed","breadcrumb":{"@id":"https:\/\/www.leselfes.com\/es\/les-elfes-international-trabaja-con-nosotros\/se-forman-animadores-de-esqui-y-snowboard\/#breadcrumb"},"inLanguage":"es","potentialAction":[{"@type":"ReadAction","target":["https:\/\/www.leselfes.com\/es\/les-elfes-international-trabaja-con-nosotros\/se-forman-animadores-de-esqui-y-snowboard\/"]}]},{"@type":"BreadcrumbList","@id":"https:\/\/www.leselfes.com\/es\/les-elfes-international-trabaja-con-nosotros\/se-forman-animadores-de-esqui-y-snowboard\/#breadcrumb","itemListElement":[{"@type":"ListItem","position":1,"name":"Home","item":"https:\/\/www.leselfes.com\/es\/inicio\/"},{"@type":"ListItem","position":2,"name":"Les Elfes International &#8211; Trabaja con nosotros","item":"https:\/\/www.leselfes.com\/es\/les-elfes-international-trabaja-con-nosotros\/"},{"@type":"ListItem","position":3,"name":"Formulario para monitores de campamentos de esqu\u00ed y snowboard"}]},{"@type":"WebSite","@id":"https:\/\/dev.leselfes.com\/#website","url":"https:\/\/dev.leselfes.com\/","name":"Les Elfes International","description":"Les Elfes International, Verbier Switzerland. Summer Camp, Winter Camp, Spring Camps.","publisher":{"@id":"https:\/\/dev.leselfes.com\/#organization"},"alternateName":"Les Elfes International","potentialAction":[{"@type":"SearchAction","target":{"@type":"EntryPoint","urlTemplate":"https:\/\/dev.leselfes.com\/?s={search_term_string}"},"query-input":{"@type":"PropertyValueSpecification","valueRequired":true,"valueName":"search_term_string"}}],"inLanguage":"es"},{"@type":"Organization","@id":"https:\/\/dev.leselfes.com\/#organization","name":"Les Elfes International","alternateName":"Les Elfes International","url":"https:\/\/dev.leselfes.com\/","logo":{"@type":"ImageObject","inLanguage":"es","@id":"https:\/\/dev.leselfes.com\/#\/schema\/logo\/image\/","url":"https:\/\/www.leselfes.com\/wp-content\/uploads\/2022\/03\/leselfes-logo.png","contentUrl":"https:\/\/www.leselfes.com\/wp-content\/uploads\/2022\/03\/leselfes-logo.png","width":233,"height":51,"caption":"Les Elfes International"},"image":{"@id":"https:\/\/dev.leselfes.com\/#\/schema\/logo\/image\/"},"sameAs":["https:\/\/www.facebook.com\/LesElfesVerbier","https:\/\/x.com\/LesElfesCamps","https:\/\/www.instagram.com\/leselfes","https:\/\/www.linkedin.com\/company\/les-elfes-international","https:\/\/www.youtube.com\/user\/LesElfesVerbier"]}]}},"_links":{"self":[{"href":"https:\/\/www.leselfes.com\/es\/wp-json\/wp\/v2\/pages\/91059"}],"collection":[{"href":"https:\/\/www.leselfes.com\/es\/wp-json\/wp\/v2\/pages"}],"about":[{"href":"https:\/\/www.leselfes.com\/es\/wp-json\/wp\/v2\/types\/page"}],"author":[{"embeddable":true,"href":"https:\/\/www.leselfes.com\/es\/wp-json\/wp\/v2\/users\/1"}],"replies":[{"embeddable":true,"href":"https:\/\/www.leselfes.com\/es\/wp-json\/wp\/v2\/comments?post=91059"}],"version-history":[{"count":11,"href":"https:\/\/www.leselfes.com\/es\/wp-json\/wp\/v2\/pages\/91059\/revisions"}],"predecessor-version":[{"id":110620,"href":"https:\/\/www.leselfes.com\/es\/wp-json\/wp\/v2\/pages\/91059\/revisions\/110620"}],"up":[{"embeddable":true,"href":"https:\/\/www.leselfes.com\/es\/wp-json\/wp\/v2\/pages\/91363"}],"wp:attachment":[{"href":"https:\/\/www.leselfes.com\/es\/wp-json\/wp\/v2\/media?parent=91059"}],"curies":[{"name":"wp","href":"https:\/\/api.w.org\/{rel}","templated":true}]}}