{"id":89815,"date":"2023-03-30T11:14:56","date_gmt":"2023-03-30T09:14:56","guid":{"rendered":"https:\/\/www.leselfes.com\/formulaire-animateur-de-ski-snowboard\/"},"modified":"2025-01-07T16:51:01","modified_gmt":"2025-01-07T15:51:01","slug":"formulaire-animateur-de-ski-snowboard","status":"publish","type":"page","link":"https:\/\/www.leselfes.com\/fr\/les-elfes-international-travailler-avec-nous\/formulaire-animateur-de-ski-snowboard\/","title":{"rendered":"Formulaire animateur de ski\/snowboard"},"content":{"rendered":"[vc_row type=\u00a0\u00bbin_container\u00a0\u00bb full_screen_row_position=\u00a0\u00bbmiddle\u00a0\u00bb column_margin=\u00a0\u00bbdefault\u00a0\u00bb column_direction=\u00a0\u00bbdefault\u00a0\u00bb column_direction_tablet=\u00a0\u00bbdefault\u00a0\u00bb column_direction_phone=\u00a0\u00bbdefault\u00a0\u00bb scene_position=\u00a0\u00bbcenter\u00a0\u00bb top_padding=\u00a0\u00bb50&Prime; bottom_padding=\u00a0\u00bb100&Prime; text_color=\u00a0\u00bbdark\u00a0\u00bb text_align=\u00a0\u00bbleft\u00a0\u00bb row_border_radius=\u00a0\u00bbnone\u00a0\u00bb row_border_radius_applies=\u00a0\u00bbbg\u00a0\u00bb overflow=\u00a0\u00bbvisible\u00a0\u00bb overlay_strength=\u00a0\u00bb0.3&Prime; gradient_direction=\u00a0\u00bbleft_to_right\u00a0\u00bb shape_divider_position=\u00a0\u00bbbottom\u00a0\u00bb bg_image_animation=\u00a0\u00bbnone\u00a0\u00bb gradient_type=\u00a0\u00bbdefault\u00a0\u00bb shape_type=\u00a0\u00bb\u00a0\u00bb][vc_column column_padding=\u00a0\u00bbno-extra-padding\u00a0\u00bb column_padding_tablet=\u00a0\u00bbinherit\u00a0\u00bb column_padding_phone=\u00a0\u00bbinherit\u00a0\u00bb column_padding_position=\u00a0\u00bball\u00a0\u00bb column_element_direction_desktop=\u00a0\u00bbdefault\u00a0\u00bb column_element_spacing=\u00a0\u00bbdefault\u00a0\u00bb desktop_text_alignment=\u00a0\u00bbdefault\u00a0\u00bb tablet_text_alignment=\u00a0\u00bbdefault\u00a0\u00bb phone_text_alignment=\u00a0\u00bbdefault\u00a0\u00bb background_color_opacity=\u00a0\u00bb1&Prime; background_hover_color_opacity=\u00a0\u00bb1&Prime; column_backdrop_filter=\u00a0\u00bbnone\u00a0\u00bb column_shadow=\u00a0\u00bbnone\u00a0\u00bb column_border_radius=\u00a0\u00bbnone\u00a0\u00bb column_link_target=\u00a0\u00bb_self\u00a0\u00bb column_position=\u00a0\u00bbdefault\u00a0\u00bb gradient_direction=\u00a0\u00bbleft_to_right\u00a0\u00bb overlay_strength=\u00a0\u00bb0.3&Prime; width=\u00a0\u00bb1\/1&Prime; tablet_width_inherit=\u00a0\u00bbdefault\u00a0\u00bb animation_type=\u00a0\u00bbdefault\u00a0\u00bb bg_image_animation=\u00a0\u00bbnone\u00a0\u00bb border_type=\u00a0\u00bbsimple\u00a0\u00bb column_border_width=\u00a0\u00bbnone\u00a0\u00bb column_border_style=\u00a0\u00bbsolid\u00a0\u00bb][vc_column_text text_direction=\u00a0\u00bbdefault\u00a0\u00bb el_class=\u00a0\u00bbfs35&Prime;]\n<h1 style=\"text-align: center;\">Vous y \u00eates presque !<br \/>\nIl vous suffit de remplir le formulaire pour le poste d&rsquo;animateur ci-dessous : <\/h1>\n[\/vc_column_text][vc_column_text css=\u00a0\u00bb\u00a0\u00bb text_direction=\u00a0\u00bbdefault\u00a0\u00bb]Le travail d&rsquo;animateur de sports d&rsquo;hiver se compose de deux parties :<\/p>\n<ul>\n<li>\u00catre guide de sports de neige en montagne<\/li>\n<li>Faire partie de l&rsquo;\u00e9quipe d&rsquo;animation le soir.<\/li>\n<\/ul>\n<p>En tant qu&rsquo;animateur de sports de neige, votre r\u00f4le est d&rsquo;assurer le bon d\u00e9roulement du programme (service du matin, ski, snowboard, activit\u00e9s apr\u00e8s-ski, activit\u00e9s en soir\u00e9e, etc.) dans un environnement ludique et s\u00e9curis\u00e9.<\/p>\n<p>TOUS les membres du personnel doivent \u00eatre pr\u00eats \u00e0 travailler avec des jeunes.<br \/>\nLe succ\u00e8s des Elfes d\u00e9pend de l&rsquo;attitude positive, sociale et enthousiaste du personnel dans son travail quotidien avec les \u00e9l\u00e8ves.[\/vc_column_text][vc_column_text text_direction=\u00a0\u00bbdefault\u00a0\u00bb][\/vc_column_text][vc_row_inner column_margin=\u00a0\u00bbdefault\u00a0\u00bb column_direction=\u00a0\u00bbdefault\u00a0\u00bb column_direction_tablet=\u00a0\u00bbdefault\u00a0\u00bb column_direction_phone=\u00a0\u00bbdefault\u00a0\u00bb text_align=\u00a0\u00bbleft\u00a0\u00bb row_position=\u00a0\u00bbdefault\u00a0\u00bb row_position_tablet=\u00a0\u00bbinherit\u00a0\u00bb row_position_phone=\u00a0\u00bbinherit\u00a0\u00bb overflow=\u00a0\u00bbvisible\u00a0\u00bb pointer_events=\u00a0\u00bball\u00a0\u00bb][vc_column_inner column_padding=\u00a0\u00bbno-extra-padding\u00a0\u00bb column_padding_tablet=\u00a0\u00bbinherit\u00a0\u00bb column_padding_phone=\u00a0\u00bbinherit\u00a0\u00bb column_padding_position=\u00a0\u00bball\u00a0\u00bb column_element_direction_desktop=\u00a0\u00bbdefault\u00a0\u00bb column_element_spacing=\u00a0\u00bbdefault\u00a0\u00bb centered_text=\u00a0\u00bbtrue\u00a0\u00bb desktop_text_alignment=\u00a0\u00bbcenter\u00a0\u00bb tablet_text_alignment=\u00a0\u00bbdefault\u00a0\u00bb phone_text_alignment=\u00a0\u00bbdefault\u00a0\u00bb background_color_opacity=\u00a0\u00bb1&Prime; background_hover_color_opacity=\u00a0\u00bb1&Prime; column_backdrop_filter=\u00a0\u00bbnone\u00a0\u00bb column_shadow=\u00a0\u00bbnone\u00a0\u00bb column_border_radius=\u00a0\u00bbnone\u00a0\u00bb column_link_target=\u00a0\u00bb_self\u00a0\u00bb overflow=\u00a0\u00bbvisible\u00a0\u00bb gradient_direction=\u00a0\u00bbleft_to_right\u00a0\u00bb overlay_strength=\u00a0\u00bb0.3&Prime; width=\u00a0\u00bb1\/1&Prime; tablet_width_inherit=\u00a0\u00bbdefault\u00a0\u00bb animation_type=\u00a0\u00bbdefault\u00a0\u00bb bg_image_animation=\u00a0\u00bbnone\u00a0\u00bb border_type=\u00a0\u00bbsimple\u00a0\u00bb column_border_width=\u00a0\u00bbnone\u00a0\u00bb column_border_style=\u00a0\u00bbsolid\u00a0\u00bb column_padding_type=\u00a0\u00bbdefault\u00a0\u00bb gradient_type=\u00a0\u00bbdefault\u00a0\u00bb][nectar_cta btn_style=\u00a0\u00bbbasic\u00a0\u00bb heading_tag=\u00a0\u00bbspan\u00a0\u00bb button_color=\u00a0\u00bbaccent-color\u00a0\u00bb button_color_hover=\u00a0\u00bb#4d8abf\u00a0\u00bb text_color=\u00a0\u00bb#ffffff\u00a0\u00bb text_color_hover=\u00a0\u00bb#ffffff\u00a0\u00bb button_border_thickness=\u00a0\u00bb0px\u00a0\u00bb link_type=\u00a0\u00bbregular\u00a0\u00bb alignment=\u00a0\u00bbleft\u00a0\u00bb alignment_tablet=\u00a0\u00bbdefault\u00a0\u00bb alignment_phone=\u00a0\u00bbdefault\u00a0\u00bb display=\u00a0\u00bbblock\u00a0\u00bb display_tablet=\u00a0\u00bbinherit\u00a0\u00bb display_phone=\u00a0\u00bbinherit\u00a0\u00bb icon_family=\u00a0\u00bbnone\u00a0\u00bb link_text=\u00a0\u00bbRetourner \u00e0 la liste des postes \u00e0 pourvoir\u00a0\u00bb padding_top=\u00a0\u00bb10&Prime; padding_bottom=\u00a0\u00bb10&Prime; padding_left=\u00a0\u00bb31&Prime; padding_right=\u00a0\u00bb30&Prime; url=\u00a0\u00bbhttps:\/\/www.leselfes.com\/fr\/les-elfes-international-travailler-avec-nous\/\u00a0\u00bb][\/vc_column_inner][\/vc_row_inner][\/vc_column][\/vc_row]\n","protected":false},"excerpt":{"rendered":"<p>[vc_row type=\u00a0\u00bbin_container\u00a0\u00bb full_screen_row_position=\u00a0\u00bbmiddle\u00a0\u00bb column_margin=\u00a0\u00bbdefault\u00a0\u00bb column_direction=\u00a0\u00bbdefault\u00a0\u00bb column_direction_tablet=\u00a0\u00bbdefault\u00a0\u00bb column_direction_phone=\u00a0\u00bbdefault\u00a0\u00bb scene_position=\u00a0\u00bbcenter\u00a0\u00bb top_padding=\u00a0\u00bb50&Prime; bottom_padding=\u00a0\u00bb100&Prime; text_color=\u00a0\u00bbdark\u00a0\u00bb text_align=\u00a0\u00bbleft\u00a0\u00bb row_border_radius=\u00a0\u00bbnone\u00a0\u00bb row_border_radius_applies=\u00a0\u00bbbg\u00a0\u00bb overflow=\u00a0\u00bbvisible\u00a0\u00bb overlay_strength=\u00a0\u00bb0.3&Prime; gradient_direction=\u00a0\u00bbleft_to_right\u00a0\u00bb shape_divider_position=\u00a0\u00bbbottom\u00a0\u00bb bg_image_animation=\u00a0\u00bbnone\u00a0\u00bb gradient_type=\u00a0\u00bbdefault\u00a0\u00bb shape_type=\u00a0\u00bb\u00a0\u00bb][vc_column column_padding=\u00a0\u00bbno-extra-padding\u00a0\u00bb column_padding_tablet=\u00a0\u00bbinherit\u00a0\u00bb column_padding_phone=\u00a0\u00bbinherit\u00a0\u00bb column_padding_position=\u00a0\u00bball\u00a0\u00bb column_element_direction_desktop=\u00a0\u00bbdefault\u00a0\u00bb column_element_spacing=\u00a0\u00bbdefault\u00a0\u00bb desktop_text_alignment=\u00a0\u00bbdefault\u00a0\u00bb tablet_text_alignment=\u00a0\u00bbdefault\u00a0\u00bb phone_text_alignment=\u00a0\u00bbdefault\u00a0\u00bb&#8230;<\/p>\n","protected":false},"author":1,"featured_media":0,"parent":94521,"menu_order":0,"comment_status":"closed","ping_status":"closed","template":"","meta":{"_acf_changed":false,"inline_featured_image":false,"footnotes":""},"class_list":["post-89815","page","type-page","status-publish"],"acf":[],"yoast_head":"<!-- This site is optimized with the Yoast SEO Premium plugin v24.2 (Yoast SEO v24.7) - https:\/\/yoast.com\/wordpress\/plugins\/seo\/ -->\n<title>Formulaire animateur de ski\/snowboard - Les Elfes International Camps Switzerland<\/title>\n<meta name=\"description\" content=\"Posez votre candidature pour devenir animateur de ski\/snowboard dans nos camps internationaux ! Dirigez des activit\u00e9s de sports d&#039;hiver et inspirez les campeurs sur les pistes.\" \/>\n<meta name=\"robots\" content=\"index, follow, max-snippet:-1, max-image-preview:large, max-video-preview:-1\" \/>\n<link rel=\"canonical\" href=\"https:\/\/www.leselfes.com\/fr\/les-elfes-international-travailler-avec-nous\/formulaire-animateur-de-ski-snowboard\/\" \/>\n<meta property=\"og:locale\" content=\"fr_FR\" \/>\n<meta property=\"og:type\" content=\"article\" \/>\n<meta property=\"og:title\" content=\"Formulaire animateur de ski\/snowboard\" \/>\n<meta property=\"og:description\" content=\"Posez votre candidature pour devenir animateur de ski\/snowboard dans nos camps internationaux ! Dirigez des activit\u00e9s de sports d&#039;hiver et inspirez les campeurs sur les pistes.\" \/>\n<meta property=\"og:url\" content=\"https:\/\/www.leselfes.com\/fr\/les-elfes-international-travailler-avec-nous\/formulaire-animateur-de-ski-snowboard\/\" \/>\n<meta property=\"og:site_name\" content=\"Les Elfes International Camps Switzerland\" \/>\n<meta property=\"article:publisher\" content=\"https:\/\/www.facebook.com\/LesElfesVerbier\" \/>\n<meta property=\"article:modified_time\" content=\"2025-01-07T15:51:01+00:00\" \/>\n<meta property=\"og:image\" content=\"https:\/\/www.leselfes.com\/wp-content\/uploads\/2022\/02\/Les-Elfes-International-summer-camp-Switzerland-Staff-Mobile-591x555-1.jpg\" \/>\n\t<meta property=\"og:image:width\" content=\"591\" \/>\n\t<meta property=\"og:image:height\" content=\"555\" \/>\n\t<meta property=\"og:image:type\" content=\"image\/jpeg\" \/>\n<meta name=\"twitter:card\" content=\"summary_large_image\" \/>\n<meta name=\"twitter:site\" content=\"@LesElfesCamps\" \/>\n<meta name=\"twitter:label1\" content=\"Dur\u00e9e de lecture estim\u00e9e\" \/>\n\t<meta name=\"twitter:data1\" content=\"3 minutes\" \/>\n<script type=\"application\/ld+json\" class=\"yoast-schema-graph\">{\"@context\":\"https:\/\/schema.org\",\"@graph\":[{\"@type\":\"WebPage\",\"@id\":\"https:\/\/www.leselfes.com\/fr\/les-elfes-international-travailler-avec-nous\/formulaire-animateur-de-ski-snowboard\/\",\"url\":\"https:\/\/www.leselfes.com\/fr\/les-elfes-international-travailler-avec-nous\/formulaire-animateur-de-ski-snowboard\/\",\"name\":\"Formulaire animateur de ski\/snowboard - Les Elfes International Camps Switzerland\",\"isPartOf\":{\"@id\":\"https:\/\/dev.leselfes.com\/#website\"},\"datePublished\":\"2023-03-30T09:14:56+00:00\",\"dateModified\":\"2025-01-07T15:51:01+00:00\",\"description\":\"Posez votre candidature pour devenir animateur de ski\/snowboard dans nos camps internationaux ! Dirigez des activit\u00e9s de sports d'hiver et inspirez les campeurs sur les pistes.\",\"breadcrumb\":{\"@id\":\"https:\/\/www.leselfes.com\/fr\/les-elfes-international-travailler-avec-nous\/formulaire-animateur-de-ski-snowboard\/#breadcrumb\"},\"inLanguage\":\"fr-FR\",\"potentialAction\":[{\"@type\":\"ReadAction\",\"target\":[\"https:\/\/www.leselfes.com\/fr\/les-elfes-international-travailler-avec-nous\/formulaire-animateur-de-ski-snowboard\/\"]}]},{\"@type\":\"BreadcrumbList\",\"@id\":\"https:\/\/www.leselfes.com\/fr\/les-elfes-international-travailler-avec-nous\/formulaire-animateur-de-ski-snowboard\/#breadcrumb\",\"itemListElement\":[{\"@type\":\"ListItem\",\"position\":1,\"name\":\"Home\",\"item\":\"https:\/\/www.leselfes.com\/fr\/\"},{\"@type\":\"ListItem\",\"position\":2,\"name\":\"Les Elfes International &#8211; Travailler avec nous\",\"item\":\"https:\/\/dev.leselfes.com\/fr\/les-elfes-international-travailler-avec-nous\/\"},{\"@type\":\"ListItem\",\"position\":3,\"name\":\"Formulaire animateur de ski\/snowboard\"}]},{\"@type\":\"WebSite\",\"@id\":\"https:\/\/dev.leselfes.com\/#website\",\"url\":\"https:\/\/dev.leselfes.com\/\",\"name\":\"Les Elfes International\",\"description\":\"Les Elfes International, Verbier Switzerland. Summer Camp, Winter Camp, Spring Camps.\",\"publisher\":{\"@id\":\"https:\/\/dev.leselfes.com\/#organization\"},\"alternateName\":\"Les Elfes International\",\"potentialAction\":[{\"@type\":\"SearchAction\",\"target\":{\"@type\":\"EntryPoint\",\"urlTemplate\":\"https:\/\/dev.leselfes.com\/?s={search_term_string}\"},\"query-input\":{\"@type\":\"PropertyValueSpecification\",\"valueRequired\":true,\"valueName\":\"search_term_string\"}}],\"inLanguage\":\"fr-FR\"},{\"@type\":\"Organization\",\"@id\":\"https:\/\/dev.leselfes.com\/#organization\",\"name\":\"Les Elfes International\",\"alternateName\":\"Les Elfes International\",\"url\":\"https:\/\/dev.leselfes.com\/\",\"logo\":{\"@type\":\"ImageObject\",\"inLanguage\":\"fr-FR\",\"@id\":\"https:\/\/dev.leselfes.com\/#\/schema\/logo\/image\/\",\"url\":\"https:\/\/www.leselfes.com\/wp-content\/uploads\/2022\/03\/leselfes-logo.png\",\"contentUrl\":\"https:\/\/www.leselfes.com\/wp-content\/uploads\/2022\/03\/leselfes-logo.png\",\"width\":233,\"height\":51,\"caption\":\"Les Elfes International\"},\"image\":{\"@id\":\"https:\/\/dev.leselfes.com\/#\/schema\/logo\/image\/\"},\"sameAs\":[\"https:\/\/www.facebook.com\/LesElfesVerbier\",\"https:\/\/x.com\/LesElfesCamps\",\"https:\/\/www.instagram.com\/leselfes\",\"https:\/\/www.linkedin.com\/company\/les-elfes-international\",\"https:\/\/www.youtube.com\/user\/LesElfesVerbier\"]}]}<\/script>\n<!-- \/ Yoast SEO Premium plugin. -->","yoast_head_json":{"title":"Formulaire animateur de ski\/snowboard - Les Elfes International Camps Switzerland","description":"Posez votre candidature pour devenir animateur de ski\/snowboard dans nos camps internationaux ! Dirigez des activit\u00e9s de sports d'hiver et inspirez les campeurs sur les pistes.","robots":{"index":"index","follow":"follow","max-snippet":"max-snippet:-1","max-image-preview":"max-image-preview:large","max-video-preview":"max-video-preview:-1"},"canonical":"https:\/\/www.leselfes.com\/fr\/les-elfes-international-travailler-avec-nous\/formulaire-animateur-de-ski-snowboard\/","og_locale":"fr_FR","og_type":"article","og_title":"Formulaire animateur de ski\/snowboard","og_description":"Posez votre candidature pour devenir animateur de ski\/snowboard dans nos camps internationaux ! Dirigez des activit\u00e9s de sports d'hiver et inspirez les campeurs sur les pistes.","og_url":"https:\/\/www.leselfes.com\/fr\/les-elfes-international-travailler-avec-nous\/formulaire-animateur-de-ski-snowboard\/","og_site_name":"Les Elfes International Camps Switzerland","article_publisher":"https:\/\/www.facebook.com\/LesElfesVerbier","article_modified_time":"2025-01-07T15:51:01+00:00","og_image":[{"width":591,"height":555,"url":"https:\/\/www.leselfes.com\/wp-content\/uploads\/2022\/02\/Les-Elfes-International-summer-camp-Switzerland-Staff-Mobile-591x555-1.jpg","type":"image\/jpeg"}],"twitter_card":"summary_large_image","twitter_site":"@LesElfesCamps","twitter_misc":{"Dur\u00e9e de lecture estim\u00e9e":"3 minutes"},"schema":{"@context":"https:\/\/schema.org","@graph":[{"@type":"WebPage","@id":"https:\/\/www.leselfes.com\/fr\/les-elfes-international-travailler-avec-nous\/formulaire-animateur-de-ski-snowboard\/","url":"https:\/\/www.leselfes.com\/fr\/les-elfes-international-travailler-avec-nous\/formulaire-animateur-de-ski-snowboard\/","name":"Formulaire animateur de ski\/snowboard - Les Elfes International Camps Switzerland","isPartOf":{"@id":"https:\/\/dev.leselfes.com\/#website"},"datePublished":"2023-03-30T09:14:56+00:00","dateModified":"2025-01-07T15:51:01+00:00","description":"Posez votre candidature pour devenir animateur de ski\/snowboard dans nos camps internationaux ! Dirigez des activit\u00e9s de sports d'hiver et inspirez les campeurs sur les pistes.","breadcrumb":{"@id":"https:\/\/www.leselfes.com\/fr\/les-elfes-international-travailler-avec-nous\/formulaire-animateur-de-ski-snowboard\/#breadcrumb"},"inLanguage":"fr-FR","potentialAction":[{"@type":"ReadAction","target":["https:\/\/www.leselfes.com\/fr\/les-elfes-international-travailler-avec-nous\/formulaire-animateur-de-ski-snowboard\/"]}]},{"@type":"BreadcrumbList","@id":"https:\/\/www.leselfes.com\/fr\/les-elfes-international-travailler-avec-nous\/formulaire-animateur-de-ski-snowboard\/#breadcrumb","itemListElement":[{"@type":"ListItem","position":1,"name":"Home","item":"https:\/\/www.leselfes.com\/fr\/"},{"@type":"ListItem","position":2,"name":"Les Elfes International &#8211; Travailler avec nous","item":"https:\/\/dev.leselfes.com\/fr\/les-elfes-international-travailler-avec-nous\/"},{"@type":"ListItem","position":3,"name":"Formulaire animateur de ski\/snowboard"}]},{"@type":"WebSite","@id":"https:\/\/dev.leselfes.com\/#website","url":"https:\/\/dev.leselfes.com\/","name":"Les Elfes International","description":"Les Elfes International, Verbier Switzerland. Summer Camp, Winter Camp, Spring Camps.","publisher":{"@id":"https:\/\/dev.leselfes.com\/#organization"},"alternateName":"Les Elfes International","potentialAction":[{"@type":"SearchAction","target":{"@type":"EntryPoint","urlTemplate":"https:\/\/dev.leselfes.com\/?s={search_term_string}"},"query-input":{"@type":"PropertyValueSpecification","valueRequired":true,"valueName":"search_term_string"}}],"inLanguage":"fr-FR"},{"@type":"Organization","@id":"https:\/\/dev.leselfes.com\/#organization","name":"Les Elfes International","alternateName":"Les Elfes International","url":"https:\/\/dev.leselfes.com\/","logo":{"@type":"ImageObject","inLanguage":"fr-FR","@id":"https:\/\/dev.leselfes.com\/#\/schema\/logo\/image\/","url":"https:\/\/www.leselfes.com\/wp-content\/uploads\/2022\/03\/leselfes-logo.png","contentUrl":"https:\/\/www.leselfes.com\/wp-content\/uploads\/2022\/03\/leselfes-logo.png","width":233,"height":51,"caption":"Les Elfes International"},"image":{"@id":"https:\/\/dev.leselfes.com\/#\/schema\/logo\/image\/"},"sameAs":["https:\/\/www.facebook.com\/LesElfesVerbier","https:\/\/x.com\/LesElfesCamps","https:\/\/www.instagram.com\/leselfes","https:\/\/www.linkedin.com\/company\/les-elfes-international","https:\/\/www.youtube.com\/user\/LesElfesVerbier"]}]}},"_links":{"self":[{"href":"https:\/\/www.leselfes.com\/fr\/wp-json\/wp\/v2\/pages\/89815"}],"collection":[{"href":"https:\/\/www.leselfes.com\/fr\/wp-json\/wp\/v2\/pages"}],"about":[{"href":"https:\/\/www.leselfes.com\/fr\/wp-json\/wp\/v2\/types\/page"}],"author":[{"embeddable":true,"href":"https:\/\/www.leselfes.com\/fr\/wp-json\/wp\/v2\/users\/1"}],"replies":[{"embeddable":true,"href":"https:\/\/www.leselfes.com\/fr\/wp-json\/wp\/v2\/comments?post=89815"}],"version-history":[{"count":2,"href":"https:\/\/www.leselfes.com\/fr\/wp-json\/wp\/v2\/pages\/89815\/revisions"}],"predecessor-version":[{"id":96992,"href":"https:\/\/www.leselfes.com\/fr\/wp-json\/wp\/v2\/pages\/89815\/revisions\/96992"}],"up":[{"embeddable":true,"href":"https:\/\/www.leselfes.com\/fr\/wp-json\/wp\/v2\/pages\/94521"}],"wp:attachment":[{"href":"https:\/\/www.leselfes.com\/fr\/wp-json\/wp\/v2\/media?parent=89815"}],"curies":[{"name":"wp","href":"https:\/\/api.w.org\/{rel}","templated":true}]}}