{"id":94534,"date":"2024-01-04T10:57:28","date_gmt":"2024-01-04T09:57:28","guid":{"rendered":"https:\/\/www.leselfes.com\/les-elfes-international-travailler-avec-nous\/formulaire-pour-les-animateurs-de-ski-et-de-snowboard\/"},"modified":"2025-03-14T16:21:58","modified_gmt":"2025-03-14T15:21:58","slug":"formulaire-pour-les-animateurs-de-ski-et-de-snowboard","status":"publish","type":"page","link":"https:\/\/www.leselfes.com\/fr\/les-elfes-international-travailler-avec-nous\/formulaire-pour-les-animateurs-de-ski-et-de-snowboard\/","title":{"rendered":"Formulaire pour les moniteurs de camps de ski et de snowboard"},"content":{"rendered":"[vc_row type=\u00a0\u00bbin_container\u00a0\u00bb full_screen_row_position=\u00a0\u00bbmiddle\u00a0\u00bb column_margin=\u00a0\u00bbdefault\u00a0\u00bb column_direction=\u00a0\u00bbdefault\u00a0\u00bb column_direction_tablet=\u00a0\u00bbdefault\u00a0\u00bb column_direction_phone=\u00a0\u00bbdefault\u00a0\u00bb scene_position=\u00a0\u00bbcenter\u00a0\u00bb top_padding=\u00a0\u00bb50&Prime; constrain_group_1=\u00a0\u00bbyes\u00a0\u00bb bottom_padding=\u00a0\u00bb100&Prime; text_color=\u00a0\u00bbdark\u00a0\u00bb text_align=\u00a0\u00bbleft\u00a0\u00bb row_border_radius=\u00a0\u00bbnone\u00a0\u00bb row_border_radius_applies=\u00a0\u00bbbg\u00a0\u00bb overflow=\u00a0\u00bbvisible\u00a0\u00bb overlay_strength=\u00a0\u00bb0.3&Prime; gradient_direction=\u00a0\u00bbleft_to_right\u00a0\u00bb shape_divider_position=\u00a0\u00bbbottom\u00a0\u00bb bg_image_animation=\u00a0\u00bbnone\u00a0\u00bb gradient_type=\u00a0\u00bbdefault\u00a0\u00bb shape_type=\u00a0\u00bb\u00a0\u00bb][vc_column column_padding=\u00a0\u00bbno-extra-padding\u00a0\u00bb column_padding_tablet=\u00a0\u00bbinherit\u00a0\u00bb column_padding_phone=\u00a0\u00bbinherit\u00a0\u00bb column_padding_position=\u00a0\u00bball\u00a0\u00bb column_element_direction_desktop=\u00a0\u00bbdefault\u00a0\u00bb column_element_spacing=\u00a0\u00bbdefault\u00a0\u00bb desktop_text_alignment=\u00a0\u00bbdefault\u00a0\u00bb tablet_text_alignment=\u00a0\u00bbdefault\u00a0\u00bb phone_text_alignment=\u00a0\u00bbdefault\u00a0\u00bb background_color_opacity=\u00a0\u00bb1&Prime; background_hover_color_opacity=\u00a0\u00bb1&Prime; column_backdrop_filter=\u00a0\u00bbnone\u00a0\u00bb column_shadow=\u00a0\u00bbnone\u00a0\u00bb column_border_radius=\u00a0\u00bbnone\u00a0\u00bb column_link_target=\u00a0\u00bb_self\u00a0\u00bb column_position=\u00a0\u00bbdefault\u00a0\u00bb gradient_direction=\u00a0\u00bbleft_to_right\u00a0\u00bb overlay_strength=\u00a0\u00bb0.3&Prime; width=\u00a0\u00bb1\/1&Prime; tablet_width_inherit=\u00a0\u00bbdefault\u00a0\u00bb animation_type=\u00a0\u00bbdefault\u00a0\u00bb bg_image_animation=\u00a0\u00bbnone\u00a0\u00bb border_type=\u00a0\u00bbsimple\u00a0\u00bb column_border_width=\u00a0\u00bbnone\u00a0\u00bb column_border_style=\u00a0\u00bbsolid\u00a0\u00bb][vc_column_text text_direction=\u00a0\u00bbdefault\u00a0\u00bb el_class=\u00a0\u00bbfs35&Prime;]\n<h1 style=\"text-align: center;\">Vous y \u00eates presque !<br \/>\nIl vous suffit de remplir le formulaire pour le poste d&rsquo;animateur ci-dessous : <\/h1>\n[\/vc_column_text][vc_column_text text_direction=\u00a0\u00bbdefault\u00a0\u00bb][\/vc_column_text][vc_row_inner column_margin=\u00a0\u00bbdefault\u00a0\u00bb column_direction=\u00a0\u00bbdefault\u00a0\u00bb column_direction_tablet=\u00a0\u00bbdefault\u00a0\u00bb column_direction_phone=\u00a0\u00bbdefault\u00a0\u00bb text_align=\u00a0\u00bbleft\u00a0\u00bb row_position=\u00a0\u00bbdefault\u00a0\u00bb row_position_tablet=\u00a0\u00bbinherit\u00a0\u00bb row_position_phone=\u00a0\u00bbinherit\u00a0\u00bb overflow=\u00a0\u00bbvisible\u00a0\u00bb pointer_events=\u00a0\u00bball\u00a0\u00bb][vc_column_inner column_padding=\u00a0\u00bbno-extra-padding\u00a0\u00bb column_padding_tablet=\u00a0\u00bbinherit\u00a0\u00bb column_padding_phone=\u00a0\u00bbinherit\u00a0\u00bb column_padding_position=\u00a0\u00bball\u00a0\u00bb column_element_direction_desktop=\u00a0\u00bbdefault\u00a0\u00bb column_element_spacing=\u00a0\u00bbdefault\u00a0\u00bb centered_text=\u00a0\u00bbtrue\u00a0\u00bb desktop_text_alignment=\u00a0\u00bbcenter\u00a0\u00bb tablet_text_alignment=\u00a0\u00bbdefault\u00a0\u00bb phone_text_alignment=\u00a0\u00bbdefault\u00a0\u00bb background_color_opacity=\u00a0\u00bb1&Prime; background_hover_color_opacity=\u00a0\u00bb1&Prime; column_backdrop_filter=\u00a0\u00bbnone\u00a0\u00bb column_shadow=\u00a0\u00bbnone\u00a0\u00bb column_border_radius=\u00a0\u00bbnone\u00a0\u00bb column_link_target=\u00a0\u00bb_self\u00a0\u00bb overflow=\u00a0\u00bbvisible\u00a0\u00bb gradient_direction=\u00a0\u00bbleft_to_right\u00a0\u00bb overlay_strength=\u00a0\u00bb0.3&Prime; width=\u00a0\u00bb1\/1&Prime; tablet_width_inherit=\u00a0\u00bbdefault\u00a0\u00bb animation_type=\u00a0\u00bbdefault\u00a0\u00bb bg_image_animation=\u00a0\u00bbnone\u00a0\u00bb border_type=\u00a0\u00bbsimple\u00a0\u00bb column_border_width=\u00a0\u00bbnone\u00a0\u00bb column_border_style=\u00a0\u00bbsolid\u00a0\u00bb column_padding_type=\u00a0\u00bbdefault\u00a0\u00bb gradient_type=\u00a0\u00bbdefault\u00a0\u00bb][nectar_cta btn_style=\u00a0\u00bbbasic\u00a0\u00bb heading_tag=\u00a0\u00bbspan\u00a0\u00bb button_color=\u00a0\u00bbaccent-color\u00a0\u00bb button_color_hover=\u00a0\u00bb#4d8abf\u00a0\u00bb text_color=\u00a0\u00bb#ffffff\u00a0\u00bb text_color_hover=\u00a0\u00bb#ffffff\u00a0\u00bb button_border_thickness=\u00a0\u00bb0px\u00a0\u00bb link_type=\u00a0\u00bbregular\u00a0\u00bb alignment=\u00a0\u00bbleft\u00a0\u00bb alignment_tablet=\u00a0\u00bbdefault\u00a0\u00bb alignment_phone=\u00a0\u00bbdefault\u00a0\u00bb display=\u00a0\u00bbblock\u00a0\u00bb display_tablet=\u00a0\u00bbinherit\u00a0\u00bb display_phone=\u00a0\u00bbinherit\u00a0\u00bb icon_family=\u00a0\u00bbnone\u00a0\u00bb link_text=\u00a0\u00bbRetourner \u00e0 la liste des postes \u00e0 pourvoir\u00a0\u00bb padding_top=\u00a0\u00bb10&Prime; padding_bottom=\u00a0\u00bb10&Prime; padding_left=\u00a0\u00bb31&Prime; padding_right=\u00a0\u00bb30&Prime; url=\u00a0\u00bbhttps:\/\/www.leselfes.com\/fr\/les-elfes-international-travailler-avec-nous\/\u00a0\u00bb][\/vc_column_inner][\/vc_row_inner][\/vc_column][\/vc_row]\n","protected":false},"excerpt":{"rendered":"<p>[vc_row type=\u00a0\u00bbin_container\u00a0\u00bb full_screen_row_position=\u00a0\u00bbmiddle\u00a0\u00bb column_margin=\u00a0\u00bbdefault\u00a0\u00bb column_direction=\u00a0\u00bbdefault\u00a0\u00bb column_direction_tablet=\u00a0\u00bbdefault\u00a0\u00bb column_direction_phone=\u00a0\u00bbdefault\u00a0\u00bb scene_position=\u00a0\u00bbcenter\u00a0\u00bb top_padding=\u00a0\u00bb50&Prime; constrain_group_1=\u00a0\u00bbyes\u00a0\u00bb bottom_padding=\u00a0\u00bb100&Prime; text_color=\u00a0\u00bbdark\u00a0\u00bb text_align=\u00a0\u00bbleft\u00a0\u00bb row_border_radius=\u00a0\u00bbnone\u00a0\u00bb row_border_radius_applies=\u00a0\u00bbbg\u00a0\u00bb overflow=\u00a0\u00bbvisible\u00a0\u00bb overlay_strength=\u00a0\u00bb0.3&Prime; gradient_direction=\u00a0\u00bbleft_to_right\u00a0\u00bb shape_divider_position=\u00a0\u00bbbottom\u00a0\u00bb bg_image_animation=\u00a0\u00bbnone\u00a0\u00bb gradient_type=\u00a0\u00bbdefault\u00a0\u00bb shape_type=\u00a0\u00bb\u00a0\u00bb][vc_column column_padding=\u00a0\u00bbno-extra-padding\u00a0\u00bb column_padding_tablet=\u00a0\u00bbinherit\u00a0\u00bb column_padding_phone=\u00a0\u00bbinherit\u00a0\u00bb column_padding_position=\u00a0\u00bball\u00a0\u00bb column_element_direction_desktop=\u00a0\u00bbdefault\u00a0\u00bb column_element_spacing=\u00a0\u00bbdefault\u00a0\u00bb desktop_text_alignment=\u00a0\u00bbdefault\u00a0\u00bb tablet_text_alignment=\u00a0\u00bbdefault\u00a0\u00bb&#8230;<\/p>\n","protected":false},"author":1,"featured_media":0,"parent":94521,"menu_order":0,"comment_status":"closed","ping_status":"closed","template":"","meta":{"_acf_changed":false,"inline_featured_image":false,"footnotes":""},"class_list":["post-94534","page","type-page","status-publish"],"acf":[],"yoast_head":"<!-- This site is optimized with the Yoast SEO Premium plugin v24.2 (Yoast SEO v24.7) - https:\/\/yoast.com\/wordpress\/plugins\/seo\/ -->\n<title>Formulaire pour les moniteurs de camps de ski et de snowboard - Les Elfes International Camps Switzerland<\/title>\n<meta name=\"description\" content=\"Fournir un environnement amusant et s\u00fbr \u00e0 tous les \u00e9l\u00e8ves pour qu&#039;ils apprennent et s&#039;am\u00e9liorent sur les pistes.Vos principales t\u00e2ches : - Horaires de travail entre 8h et 16h chaque jour - Travail 6 jours par semaine - Contrat saisonnier de novembre \u00e0 mai - Instruire et g\u00e9rer entre 4 et 7 \u00e9l\u00e8ves sur les pistes - Organiser des groupes de ski avec d&#039;autres instructeurs pour s&#039;assurer que les \u00e9l\u00e8ves sont dans les bons niveaux - D\u00e9jeuner et interagir avec les enfants pendant la pause d\u00e9jeuner - Interagir avec les \u00e9l\u00e8ves et cr\u00e9er des souvenirs avec eux - Prendre des photos de tous les \u00e9l\u00e8ves de votre groupe de ski pour les mettre en ligne chaque jour sur nos m\u00e9dias sociaux. Interagir avec les \u00e9l\u00e8ves et cr\u00e9er de nouveaux souvenirs pour eux - Prendre des photos de tous les \u00e9l\u00e8ves de votre groupe de ski pour les t\u00e9l\u00e9charger chaque jour sur nos m\u00e9dias sociaux - Faire partie de l&#039;\u00e9quipe d&#039;animation et aider pendant quelques heures l&#039;apr\u00e8s-midi\/soir\u00e9e - Cr\u00e9er beaucoup de moments m\u00e9morables pour les \u00e9l\u00e8ves du camp - Organiser une remise de prix \u00e0 la fin de la semaine pour votre groupe de ski.\" \/>\n<meta name=\"robots\" content=\"index, follow, max-snippet:-1, max-image-preview:large, max-video-preview:-1\" \/>\n<link rel=\"canonical\" href=\"https:\/\/www.leselfes.com\/fr\/les-elfes-international-travailler-avec-nous\/formulaire-pour-les-animateurs-de-ski-et-de-snowboard\/\" \/>\n<meta property=\"og:locale\" content=\"fr_FR\" \/>\n<meta property=\"og:type\" content=\"article\" \/>\n<meta property=\"og:title\" content=\"Formulaire pour les moniteurs de camps de ski et de snowboard\" \/>\n<meta property=\"og:description\" content=\"Fournir un environnement amusant et s\u00fbr \u00e0 tous les \u00e9l\u00e8ves pour qu&#039;ils apprennent et s&#039;am\u00e9liorent sur les pistes.Vos principales t\u00e2ches : - Horaires de travail entre 8h et 16h chaque jour - Travail 6 jours par semaine - Contrat saisonnier de novembre \u00e0 mai - Instruire et g\u00e9rer entre 4 et 7 \u00e9l\u00e8ves sur les pistes - Organiser des groupes de ski avec d&#039;autres instructeurs pour s&#039;assurer que les \u00e9l\u00e8ves sont dans les bons niveaux - D\u00e9jeuner et interagir avec les enfants pendant la pause d\u00e9jeuner - Interagir avec les \u00e9l\u00e8ves et cr\u00e9er des souvenirs avec eux - Prendre des photos de tous les \u00e9l\u00e8ves de votre groupe de ski pour les mettre en ligne chaque jour sur nos m\u00e9dias sociaux. Interagir avec les \u00e9l\u00e8ves et cr\u00e9er de nouveaux souvenirs pour eux - Prendre des photos de tous les \u00e9l\u00e8ves de votre groupe de ski pour les t\u00e9l\u00e9charger chaque jour sur nos m\u00e9dias sociaux - Faire partie de l&#039;\u00e9quipe d&#039;animation et aider pendant quelques heures l&#039;apr\u00e8s-midi\/soir\u00e9e - Cr\u00e9er beaucoup de moments m\u00e9morables pour les \u00e9l\u00e8ves du camp - Organiser une remise de prix \u00e0 la fin de la semaine pour votre groupe de ski.\" \/>\n<meta property=\"og:url\" content=\"https:\/\/www.leselfes.com\/fr\/les-elfes-international-travailler-avec-nous\/formulaire-pour-les-animateurs-de-ski-et-de-snowboard\/\" \/>\n<meta property=\"og:site_name\" content=\"Les Elfes International Camps Switzerland\" \/>\n<meta property=\"article:publisher\" content=\"https:\/\/www.facebook.com\/LesElfesVerbier\" \/>\n<meta property=\"article:modified_time\" content=\"2025-03-14T15:21:58+00:00\" \/>\n<meta property=\"og:image\" content=\"https:\/\/www.leselfes.com\/wp-content\/uploads\/2022\/02\/Les-Elfes-International-summer-camp-Switzerland-Staff-Mobile-591x555-1.jpg\" \/>\n\t<meta property=\"og:image:width\" content=\"591\" \/>\n\t<meta property=\"og:image:height\" content=\"555\" \/>\n\t<meta property=\"og:image:type\" content=\"image\/jpeg\" \/>\n<meta name=\"twitter:card\" content=\"summary_large_image\" \/>\n<meta name=\"twitter:site\" content=\"@LesElfesCamps\" \/>\n<meta name=\"twitter:label1\" content=\"Dur\u00e9e de lecture estim\u00e9e\" \/>\n\t<meta name=\"twitter:data1\" content=\"2 minutes\" \/>\n<script type=\"application\/ld+json\" class=\"yoast-schema-graph\">{\"@context\":\"https:\/\/schema.org\",\"@graph\":[{\"@type\":\"WebPage\",\"@id\":\"https:\/\/www.leselfes.com\/fr\/les-elfes-international-travailler-avec-nous\/formulaire-pour-les-animateurs-de-ski-et-de-snowboard\/\",\"url\":\"https:\/\/www.leselfes.com\/fr\/les-elfes-international-travailler-avec-nous\/formulaire-pour-les-animateurs-de-ski-et-de-snowboard\/\",\"name\":\"Formulaire pour les moniteurs de camps de ski et de snowboard - Les Elfes International Camps Switzerland\",\"isPartOf\":{\"@id\":\"https:\/\/dev.leselfes.com\/#website\"},\"datePublished\":\"2024-01-04T09:57:28+00:00\",\"dateModified\":\"2025-03-14T15:21:58+00:00\",\"description\":\"Fournir un environnement amusant et s\u00fbr \u00e0 tous les \u00e9l\u00e8ves pour qu'ils apprennent et s'am\u00e9liorent sur les pistes.Vos principales t\u00e2ches : - Horaires de travail entre 8h et 16h chaque jour - Travail 6 jours par semaine - Contrat saisonnier de novembre \u00e0 mai - Instruire et g\u00e9rer entre 4 et 7 \u00e9l\u00e8ves sur les pistes - Organiser des groupes de ski avec d'autres instructeurs pour s'assurer que les \u00e9l\u00e8ves sont dans les bons niveaux - D\u00e9jeuner et interagir avec les enfants pendant la pause d\u00e9jeuner - Interagir avec les \u00e9l\u00e8ves et cr\u00e9er des souvenirs avec eux - Prendre des photos de tous les \u00e9l\u00e8ves de votre groupe de ski pour les mettre en ligne chaque jour sur nos m\u00e9dias sociaux. Interagir avec les \u00e9l\u00e8ves et cr\u00e9er de nouveaux souvenirs pour eux - Prendre des photos de tous les \u00e9l\u00e8ves de votre groupe de ski pour les t\u00e9l\u00e9charger chaque jour sur nos m\u00e9dias sociaux - Faire partie de l'\u00e9quipe d'animation et aider pendant quelques heures l'apr\u00e8s-midi\/soir\u00e9e - Cr\u00e9er beaucoup de moments m\u00e9morables pour les \u00e9l\u00e8ves du camp - Organiser une remise de prix \u00e0 la fin de la semaine pour votre groupe de ski.\",\"breadcrumb\":{\"@id\":\"https:\/\/www.leselfes.com\/fr\/les-elfes-international-travailler-avec-nous\/formulaire-pour-les-animateurs-de-ski-et-de-snowboard\/#breadcrumb\"},\"inLanguage\":\"fr-FR\",\"potentialAction\":[{\"@type\":\"ReadAction\",\"target\":[\"https:\/\/www.leselfes.com\/fr\/les-elfes-international-travailler-avec-nous\/formulaire-pour-les-animateurs-de-ski-et-de-snowboard\/\"]}]},{\"@type\":\"BreadcrumbList\",\"@id\":\"https:\/\/www.leselfes.com\/fr\/les-elfes-international-travailler-avec-nous\/formulaire-pour-les-animateurs-de-ski-et-de-snowboard\/#breadcrumb\",\"itemListElement\":[{\"@type\":\"ListItem\",\"position\":1,\"name\":\"Home\",\"item\":\"https:\/\/www.leselfes.com\/fr\/\"},{\"@type\":\"ListItem\",\"position\":2,\"name\":\"Les Elfes International &#8211; Travailler avec nous\",\"item\":\"https:\/\/dev.leselfes.com\/fr\/les-elfes-international-travailler-avec-nous\/\"},{\"@type\":\"ListItem\",\"position\":3,\"name\":\"Formulaire pour les moniteurs de camps de ski et de snowboard\"}]},{\"@type\":\"WebSite\",\"@id\":\"https:\/\/dev.leselfes.com\/#website\",\"url\":\"https:\/\/dev.leselfes.com\/\",\"name\":\"Les Elfes International\",\"description\":\"Les Elfes International, Verbier Switzerland. Summer Camp, Winter Camp, Spring Camps.\",\"publisher\":{\"@id\":\"https:\/\/dev.leselfes.com\/#organization\"},\"alternateName\":\"Les Elfes International\",\"potentialAction\":[{\"@type\":\"SearchAction\",\"target\":{\"@type\":\"EntryPoint\",\"urlTemplate\":\"https:\/\/dev.leselfes.com\/?s={search_term_string}\"},\"query-input\":{\"@type\":\"PropertyValueSpecification\",\"valueRequired\":true,\"valueName\":\"search_term_string\"}}],\"inLanguage\":\"fr-FR\"},{\"@type\":\"Organization\",\"@id\":\"https:\/\/dev.leselfes.com\/#organization\",\"name\":\"Les Elfes International\",\"alternateName\":\"Les Elfes International\",\"url\":\"https:\/\/dev.leselfes.com\/\",\"logo\":{\"@type\":\"ImageObject\",\"inLanguage\":\"fr-FR\",\"@id\":\"https:\/\/dev.leselfes.com\/#\/schema\/logo\/image\/\",\"url\":\"https:\/\/www.leselfes.com\/wp-content\/uploads\/2022\/03\/leselfes-logo.png\",\"contentUrl\":\"https:\/\/www.leselfes.com\/wp-content\/uploads\/2022\/03\/leselfes-logo.png\",\"width\":233,\"height\":51,\"caption\":\"Les Elfes International\"},\"image\":{\"@id\":\"https:\/\/dev.leselfes.com\/#\/schema\/logo\/image\/\"},\"sameAs\":[\"https:\/\/www.facebook.com\/LesElfesVerbier\",\"https:\/\/x.com\/LesElfesCamps\",\"https:\/\/www.instagram.com\/leselfes\",\"https:\/\/www.linkedin.com\/company\/les-elfes-international\",\"https:\/\/www.youtube.com\/user\/LesElfesVerbier\"]}]}<\/script>\n<!-- \/ Yoast SEO Premium plugin. -->","yoast_head_json":{"title":"Formulaire pour les moniteurs de camps de ski et de snowboard - Les Elfes International Camps Switzerland","description":"Fournir un environnement amusant et s\u00fbr \u00e0 tous les \u00e9l\u00e8ves pour qu'ils apprennent et s'am\u00e9liorent sur les pistes.Vos principales t\u00e2ches : - Horaires de travail entre 8h et 16h chaque jour - Travail 6 jours par semaine - Contrat saisonnier de novembre \u00e0 mai - Instruire et g\u00e9rer entre 4 et 7 \u00e9l\u00e8ves sur les pistes - Organiser des groupes de ski avec d'autres instructeurs pour s'assurer que les \u00e9l\u00e8ves sont dans les bons niveaux - D\u00e9jeuner et interagir avec les enfants pendant la pause d\u00e9jeuner - Interagir avec les \u00e9l\u00e8ves et cr\u00e9er des souvenirs avec eux - Prendre des photos de tous les \u00e9l\u00e8ves de votre groupe de ski pour les mettre en ligne chaque jour sur nos m\u00e9dias sociaux. Interagir avec les \u00e9l\u00e8ves et cr\u00e9er de nouveaux souvenirs pour eux - Prendre des photos de tous les \u00e9l\u00e8ves de votre groupe de ski pour les t\u00e9l\u00e9charger chaque jour sur nos m\u00e9dias sociaux - Faire partie de l'\u00e9quipe d'animation et aider pendant quelques heures l'apr\u00e8s-midi\/soir\u00e9e - Cr\u00e9er beaucoup de moments m\u00e9morables pour les \u00e9l\u00e8ves du camp - Organiser une remise de prix \u00e0 la fin de la semaine pour votre groupe de ski.","robots":{"index":"index","follow":"follow","max-snippet":"max-snippet:-1","max-image-preview":"max-image-preview:large","max-video-preview":"max-video-preview:-1"},"canonical":"https:\/\/www.leselfes.com\/fr\/les-elfes-international-travailler-avec-nous\/formulaire-pour-les-animateurs-de-ski-et-de-snowboard\/","og_locale":"fr_FR","og_type":"article","og_title":"Formulaire pour les moniteurs de camps de ski et de snowboard","og_description":"Fournir un environnement amusant et s\u00fbr \u00e0 tous les \u00e9l\u00e8ves pour qu'ils apprennent et s'am\u00e9liorent sur les pistes.Vos principales t\u00e2ches : - Horaires de travail entre 8h et 16h chaque jour - Travail 6 jours par semaine - Contrat saisonnier de novembre \u00e0 mai - Instruire et g\u00e9rer entre 4 et 7 \u00e9l\u00e8ves sur les pistes - Organiser des groupes de ski avec d'autres instructeurs pour s'assurer que les \u00e9l\u00e8ves sont dans les bons niveaux - D\u00e9jeuner et interagir avec les enfants pendant la pause d\u00e9jeuner - Interagir avec les \u00e9l\u00e8ves et cr\u00e9er des souvenirs avec eux - Prendre des photos de tous les \u00e9l\u00e8ves de votre groupe de ski pour les mettre en ligne chaque jour sur nos m\u00e9dias sociaux. Interagir avec les \u00e9l\u00e8ves et cr\u00e9er de nouveaux souvenirs pour eux - Prendre des photos de tous les \u00e9l\u00e8ves de votre groupe de ski pour les t\u00e9l\u00e9charger chaque jour sur nos m\u00e9dias sociaux - Faire partie de l'\u00e9quipe d'animation et aider pendant quelques heures l'apr\u00e8s-midi\/soir\u00e9e - Cr\u00e9er beaucoup de moments m\u00e9morables pour les \u00e9l\u00e8ves du camp - Organiser une remise de prix \u00e0 la fin de la semaine pour votre groupe de ski.","og_url":"https:\/\/www.leselfes.com\/fr\/les-elfes-international-travailler-avec-nous\/formulaire-pour-les-animateurs-de-ski-et-de-snowboard\/","og_site_name":"Les Elfes International Camps Switzerland","article_publisher":"https:\/\/www.facebook.com\/LesElfesVerbier","article_modified_time":"2025-03-14T15:21:58+00:00","og_image":[{"width":591,"height":555,"url":"https:\/\/www.leselfes.com\/wp-content\/uploads\/2022\/02\/Les-Elfes-International-summer-camp-Switzerland-Staff-Mobile-591x555-1.jpg","type":"image\/jpeg"}],"twitter_card":"summary_large_image","twitter_site":"@LesElfesCamps","twitter_misc":{"Dur\u00e9e de lecture estim\u00e9e":"2 minutes"},"schema":{"@context":"https:\/\/schema.org","@graph":[{"@type":"WebPage","@id":"https:\/\/www.leselfes.com\/fr\/les-elfes-international-travailler-avec-nous\/formulaire-pour-les-animateurs-de-ski-et-de-snowboard\/","url":"https:\/\/www.leselfes.com\/fr\/les-elfes-international-travailler-avec-nous\/formulaire-pour-les-animateurs-de-ski-et-de-snowboard\/","name":"Formulaire pour les moniteurs de camps de ski et de snowboard - Les Elfes International Camps Switzerland","isPartOf":{"@id":"https:\/\/dev.leselfes.com\/#website"},"datePublished":"2024-01-04T09:57:28+00:00","dateModified":"2025-03-14T15:21:58+00:00","description":"Fournir un environnement amusant et s\u00fbr \u00e0 tous les \u00e9l\u00e8ves pour qu'ils apprennent et s'am\u00e9liorent sur les pistes.Vos principales t\u00e2ches : - Horaires de travail entre 8h et 16h chaque jour - Travail 6 jours par semaine - Contrat saisonnier de novembre \u00e0 mai - Instruire et g\u00e9rer entre 4 et 7 \u00e9l\u00e8ves sur les pistes - Organiser des groupes de ski avec d'autres instructeurs pour s'assurer que les \u00e9l\u00e8ves sont dans les bons niveaux - D\u00e9jeuner et interagir avec les enfants pendant la pause d\u00e9jeuner - Interagir avec les \u00e9l\u00e8ves et cr\u00e9er des souvenirs avec eux - Prendre des photos de tous les \u00e9l\u00e8ves de votre groupe de ski pour les mettre en ligne chaque jour sur nos m\u00e9dias sociaux. Interagir avec les \u00e9l\u00e8ves et cr\u00e9er de nouveaux souvenirs pour eux - Prendre des photos de tous les \u00e9l\u00e8ves de votre groupe de ski pour les t\u00e9l\u00e9charger chaque jour sur nos m\u00e9dias sociaux - Faire partie de l'\u00e9quipe d'animation et aider pendant quelques heures l'apr\u00e8s-midi\/soir\u00e9e - Cr\u00e9er beaucoup de moments m\u00e9morables pour les \u00e9l\u00e8ves du camp - Organiser une remise de prix \u00e0 la fin de la semaine pour votre groupe de ski.","breadcrumb":{"@id":"https:\/\/www.leselfes.com\/fr\/les-elfes-international-travailler-avec-nous\/formulaire-pour-les-animateurs-de-ski-et-de-snowboard\/#breadcrumb"},"inLanguage":"fr-FR","potentialAction":[{"@type":"ReadAction","target":["https:\/\/www.leselfes.com\/fr\/les-elfes-international-travailler-avec-nous\/formulaire-pour-les-animateurs-de-ski-et-de-snowboard\/"]}]},{"@type":"BreadcrumbList","@id":"https:\/\/www.leselfes.com\/fr\/les-elfes-international-travailler-avec-nous\/formulaire-pour-les-animateurs-de-ski-et-de-snowboard\/#breadcrumb","itemListElement":[{"@type":"ListItem","position":1,"name":"Home","item":"https:\/\/www.leselfes.com\/fr\/"},{"@type":"ListItem","position":2,"name":"Les Elfes International &#8211; Travailler avec nous","item":"https:\/\/dev.leselfes.com\/fr\/les-elfes-international-travailler-avec-nous\/"},{"@type":"ListItem","position":3,"name":"Formulaire pour les moniteurs de camps de ski et de snowboard"}]},{"@type":"WebSite","@id":"https:\/\/dev.leselfes.com\/#website","url":"https:\/\/dev.leselfes.com\/","name":"Les Elfes International","description":"Les Elfes International, Verbier Switzerland. Summer Camp, Winter Camp, Spring Camps.","publisher":{"@id":"https:\/\/dev.leselfes.com\/#organization"},"alternateName":"Les Elfes International","potentialAction":[{"@type":"SearchAction","target":{"@type":"EntryPoint","urlTemplate":"https:\/\/dev.leselfes.com\/?s={search_term_string}"},"query-input":{"@type":"PropertyValueSpecification","valueRequired":true,"valueName":"search_term_string"}}],"inLanguage":"fr-FR"},{"@type":"Organization","@id":"https:\/\/dev.leselfes.com\/#organization","name":"Les Elfes International","alternateName":"Les Elfes International","url":"https:\/\/dev.leselfes.com\/","logo":{"@type":"ImageObject","inLanguage":"fr-FR","@id":"https:\/\/dev.leselfes.com\/#\/schema\/logo\/image\/","url":"https:\/\/www.leselfes.com\/wp-content\/uploads\/2022\/03\/leselfes-logo.png","contentUrl":"https:\/\/www.leselfes.com\/wp-content\/uploads\/2022\/03\/leselfes-logo.png","width":233,"height":51,"caption":"Les Elfes International"},"image":{"@id":"https:\/\/dev.leselfes.com\/#\/schema\/logo\/image\/"},"sameAs":["https:\/\/www.facebook.com\/LesElfesVerbier","https:\/\/x.com\/LesElfesCamps","https:\/\/www.instagram.com\/leselfes","https:\/\/www.linkedin.com\/company\/les-elfes-international","https:\/\/www.youtube.com\/user\/LesElfesVerbier"]}]}},"_links":{"self":[{"href":"https:\/\/www.leselfes.com\/fr\/wp-json\/wp\/v2\/pages\/94534"}],"collection":[{"href":"https:\/\/www.leselfes.com\/fr\/wp-json\/wp\/v2\/pages"}],"about":[{"href":"https:\/\/www.leselfes.com\/fr\/wp-json\/wp\/v2\/types\/page"}],"author":[{"embeddable":true,"href":"https:\/\/www.leselfes.com\/fr\/wp-json\/wp\/v2\/users\/1"}],"replies":[{"embeddable":true,"href":"https:\/\/www.leselfes.com\/fr\/wp-json\/wp\/v2\/comments?post=94534"}],"version-history":[{"count":5,"href":"https:\/\/www.leselfes.com\/fr\/wp-json\/wp\/v2\/pages\/94534\/revisions"}],"predecessor-version":[{"id":110623,"href":"https:\/\/www.leselfes.com\/fr\/wp-json\/wp\/v2\/pages\/94534\/revisions\/110623"}],"up":[{"embeddable":true,"href":"https:\/\/www.leselfes.com\/fr\/wp-json\/wp\/v2\/pages\/94521"}],"wp:attachment":[{"href":"https:\/\/www.leselfes.com\/fr\/wp-json\/wp\/v2\/media?parent=94534"}],"curies":[{"name":"wp","href":"https:\/\/api.w.org\/{rel}","templated":true}]}}