{"id":89567,"date":"2024-04-19T17:52:05","date_gmt":"2024-04-19T15:52:05","guid":{"rendered":"https:\/\/www.leselfes.com\/impressao\/"},"modified":"2024-10-09T15:46:20","modified_gmt":"2024-10-09T13:46:20","slug":"impressao","status":"publish","type":"page","link":"https:\/\/www.leselfes.com\/pt-br\/impressao\/","title":{"rendered":"Impress\u00e3o"},"content":{"rendered":"<h1>Impress\u00e3o Les Elfes International<\/h1>\n<p>&nbsp;<\/p>\n\n<!-- Legal document generated by Complianz | GDPR\/CCPA Cookie Consent https:\/\/wordpress.org\/plugins\/complianz-gdpr -->\n<div id=\"cmplz-document\" class=\"cmplz-document impressum cmplz-document-all\"><p><i>Este imprint foi atualizado pela \u00faltima vez em 08 Apr 2025.<\/i><\/p><p class=\"cmplz-subtitle\">O propriet\u00e1rio deste site \u00e9:<\/p><p>Les Elfes International SA<br>Rue du centre sportif 20, Verbier, Valais 1936<br>Su\u00ed\u00e7a<br>E-mail:&nbsp;<span class=\"cmplz-obfuscate\">inf&#111;@<span class=\"cmplz-fmail-domain\">&#101;x.&#099;om<\/span>l&#101;sel&#102;e&#115;.c&#111;m<\/span><br>Telefone: +41 (0)27 775 35 90<br>NIF:&nbsp;CHE-112.269.130<\/p><p class=\"cmplz-subtitle\">O(s) representante(s) legal(is) de Les Elfes International SA:<\/p><p>Alexandra Stettler<\/p><h2>1. Geral<\/h2><p class=\"cmplz-subtitle\">1.1 Estamos registados em https:\/\/zefix.ch\/fr\/search\/entity\/list\/firm\/785881 sob a licen\u00e7a ou n\u00famero de registo:<\/p><p><\/p><p class=\"cmplz-subtitle\">1.2 O nome da nossa autoridade supervisora \u00e9:<\/p><p>CRC R\u00e9vision SA<\/p><p>Estamos dispostos ou somos obrigados a participar de procedimentos de resolu\u00e7\u00e3o de disputas perante um conselho de arbitragem de consumidores.<\/p><\/div>","protected":false},"excerpt":{"rendered":"<p>Impress\u00e3o Les Elfes International &nbsp;<\/p>\n","protected":false},"author":19,"featured_media":0,"parent":0,"menu_order":0,"comment_status":"closed","ping_status":"closed","template":"","meta":{"_acf_changed":false,"inline_featured_image":false,"footnotes":""},"class_list":["post-89567","page","type-page","status-publish"],"acf":[],"yoast_head":"<!-- This site is optimized with the Yoast SEO Premium plugin v24.2 (Yoast SEO v24.7) - https:\/\/yoast.com\/wordpress\/plugins\/seo\/ -->\n<title>Impress\u00e3o - Les Elfes International Camps Switzerland<\/title>\n<meta name=\"description\" content=\"Impress\u00e3o Les Elfes International. Descubra nossos programas imersivos e experi\u00eancias que mudam a vida em acampamentos de ver\u00e3o ou de inverno para crian\u00e7as.\" \/>\n<meta name=\"robots\" content=\"index, follow, max-snippet:-1, max-image-preview:large, max-video-preview:-1\" \/>\n<link rel=\"canonical\" href=\"https:\/\/www.leselfes.com\/pt-br\/impressao\/\" \/>\n<meta property=\"og:locale\" content=\"pt_BR\" \/>\n<meta property=\"og:type\" content=\"article\" \/>\n<meta property=\"og:title\" content=\"Impress\u00e3o\" \/>\n<meta property=\"og:description\" content=\"Impress\u00e3o Les Elfes International. Descubra nossos programas imersivos e experi\u00eancias que mudam a vida em acampamentos de ver\u00e3o ou de inverno para crian\u00e7as.\" \/>\n<meta property=\"og:url\" content=\"https:\/\/www.leselfes.com\/pt-br\/impressao\/\" \/>\n<meta property=\"og:site_name\" content=\"Les Elfes International Camps Switzerland\" \/>\n<meta property=\"article:publisher\" content=\"https:\/\/www.facebook.com\/LesElfesVerbier\" \/>\n<meta property=\"article:modified_time\" content=\"2024-10-09T13:46:20+00:00\" \/>\n<meta property=\"og:image\" content=\"https:\/\/www.leselfes.com\/wp-content\/uploads\/2022\/02\/Les-Elfes-International-summer-camp-Switzerland-Staff-Mobile-591x555-1.jpg\" \/>\n\t<meta property=\"og:image:width\" content=\"591\" \/>\n\t<meta property=\"og:image:height\" content=\"555\" \/>\n\t<meta property=\"og:image:type\" content=\"image\/jpeg\" \/>\n<meta name=\"twitter:card\" content=\"summary_large_image\" \/>\n<meta name=\"twitter:site\" content=\"@LesElfesCamps\" \/>\n<script type=\"application\/ld+json\" class=\"yoast-schema-graph\">{\"@context\":\"https:\/\/schema.org\",\"@graph\":[{\"@type\":\"WebPage\",\"@id\":\"https:\/\/www.leselfes.com\/pt-br\/impressao\/\",\"url\":\"https:\/\/www.leselfes.com\/pt-br\/impressao\/\",\"name\":\"Impress\u00e3o - Les Elfes International Camps Switzerland\",\"isPartOf\":{\"@id\":\"https:\/\/dev.leselfes.com\/#website\"},\"datePublished\":\"2024-04-19T15:52:05+00:00\",\"dateModified\":\"2024-10-09T13:46:20+00:00\",\"description\":\"Impress\u00e3o Les Elfes International. Descubra nossos programas imersivos e experi\u00eancias que mudam a vida em acampamentos de ver\u00e3o ou de inverno para crian\u00e7as.\",\"breadcrumb\":{\"@id\":\"https:\/\/www.leselfes.com\/pt-br\/impressao\/#breadcrumb\"},\"inLanguage\":\"pt-BR\",\"potentialAction\":[{\"@type\":\"ReadAction\",\"target\":[\"https:\/\/www.leselfes.com\/pt-br\/impressao\/\"]}]},{\"@type\":\"BreadcrumbList\",\"@id\":\"https:\/\/www.leselfes.com\/pt-br\/impressao\/#breadcrumb\",\"itemListElement\":[{\"@type\":\"ListItem\",\"position\":1,\"name\":\"Home\",\"item\":\"https:\/\/www.leselfes.com\/pt-br\/\"},{\"@type\":\"ListItem\",\"position\":2,\"name\":\"Impress\u00e3o\"}]},{\"@type\":\"WebSite\",\"@id\":\"https:\/\/dev.leselfes.com\/#website\",\"url\":\"https:\/\/dev.leselfes.com\/\",\"name\":\"Les Elfes International\",\"description\":\"Les Elfes International, Verbier Switzerland. Summer Camp, Winter Camp, Spring Camps.\",\"publisher\":{\"@id\":\"https:\/\/dev.leselfes.com\/#organization\"},\"alternateName\":\"Les Elfes International\",\"potentialAction\":[{\"@type\":\"SearchAction\",\"target\":{\"@type\":\"EntryPoint\",\"urlTemplate\":\"https:\/\/dev.leselfes.com\/?s={search_term_string}\"},\"query-input\":{\"@type\":\"PropertyValueSpecification\",\"valueRequired\":true,\"valueName\":\"search_term_string\"}}],\"inLanguage\":\"pt-BR\"},{\"@type\":\"Organization\",\"@id\":\"https:\/\/dev.leselfes.com\/#organization\",\"name\":\"Les Elfes International\",\"alternateName\":\"Les Elfes International\",\"url\":\"https:\/\/dev.leselfes.com\/\",\"logo\":{\"@type\":\"ImageObject\",\"inLanguage\":\"pt-BR\",\"@id\":\"https:\/\/dev.leselfes.com\/#\/schema\/logo\/image\/\",\"url\":\"https:\/\/www.leselfes.com\/wp-content\/uploads\/2022\/03\/leselfes-logo.png\",\"contentUrl\":\"https:\/\/www.leselfes.com\/wp-content\/uploads\/2022\/03\/leselfes-logo.png\",\"width\":233,\"height\":51,\"caption\":\"Les Elfes International\"},\"image\":{\"@id\":\"https:\/\/dev.leselfes.com\/#\/schema\/logo\/image\/\"},\"sameAs\":[\"https:\/\/www.facebook.com\/LesElfesVerbier\",\"https:\/\/x.com\/LesElfesCamps\",\"https:\/\/www.instagram.com\/leselfes\",\"https:\/\/www.linkedin.com\/company\/les-elfes-international\",\"https:\/\/www.youtube.com\/user\/LesElfesVerbier\"]}]}<\/script>\n<!-- \/ Yoast SEO Premium plugin. -->","yoast_head_json":{"title":"Impress\u00e3o - Les Elfes International Camps Switzerland","description":"Impress\u00e3o Les Elfes International. Descubra nossos programas imersivos e experi\u00eancias que mudam a vida em acampamentos de ver\u00e3o ou de inverno para crian\u00e7as.","robots":{"index":"index","follow":"follow","max-snippet":"max-snippet:-1","max-image-preview":"max-image-preview:large","max-video-preview":"max-video-preview:-1"},"canonical":"https:\/\/www.leselfes.com\/pt-br\/impressao\/","og_locale":"pt_BR","og_type":"article","og_title":"Impress\u00e3o","og_description":"Impress\u00e3o Les Elfes International. Descubra nossos programas imersivos e experi\u00eancias que mudam a vida em acampamentos de ver\u00e3o ou de inverno para crian\u00e7as.","og_url":"https:\/\/www.leselfes.com\/pt-br\/impressao\/","og_site_name":"Les Elfes International Camps Switzerland","article_publisher":"https:\/\/www.facebook.com\/LesElfesVerbier","article_modified_time":"2024-10-09T13:46:20+00:00","og_image":[{"width":591,"height":555,"url":"https:\/\/www.leselfes.com\/wp-content\/uploads\/2022\/02\/Les-Elfes-International-summer-camp-Switzerland-Staff-Mobile-591x555-1.jpg","type":"image\/jpeg"}],"twitter_card":"summary_large_image","twitter_site":"@LesElfesCamps","schema":{"@context":"https:\/\/schema.org","@graph":[{"@type":"WebPage","@id":"https:\/\/www.leselfes.com\/pt-br\/impressao\/","url":"https:\/\/www.leselfes.com\/pt-br\/impressao\/","name":"Impress\u00e3o - Les Elfes International Camps Switzerland","isPartOf":{"@id":"https:\/\/dev.leselfes.com\/#website"},"datePublished":"2024-04-19T15:52:05+00:00","dateModified":"2024-10-09T13:46:20+00:00","description":"Impress\u00e3o Les Elfes International. Descubra nossos programas imersivos e experi\u00eancias que mudam a vida em acampamentos de ver\u00e3o ou de inverno para crian\u00e7as.","breadcrumb":{"@id":"https:\/\/www.leselfes.com\/pt-br\/impressao\/#breadcrumb"},"inLanguage":"pt-BR","potentialAction":[{"@type":"ReadAction","target":["https:\/\/www.leselfes.com\/pt-br\/impressao\/"]}]},{"@type":"BreadcrumbList","@id":"https:\/\/www.leselfes.com\/pt-br\/impressao\/#breadcrumb","itemListElement":[{"@type":"ListItem","position":1,"name":"Home","item":"https:\/\/www.leselfes.com\/pt-br\/"},{"@type":"ListItem","position":2,"name":"Impress\u00e3o"}]},{"@type":"WebSite","@id":"https:\/\/dev.leselfes.com\/#website","url":"https:\/\/dev.leselfes.com\/","name":"Les Elfes International","description":"Les Elfes International, Verbier Switzerland. Summer Camp, Winter Camp, Spring Camps.","publisher":{"@id":"https:\/\/dev.leselfes.com\/#organization"},"alternateName":"Les Elfes International","potentialAction":[{"@type":"SearchAction","target":{"@type":"EntryPoint","urlTemplate":"https:\/\/dev.leselfes.com\/?s={search_term_string}"},"query-input":{"@type":"PropertyValueSpecification","valueRequired":true,"valueName":"search_term_string"}}],"inLanguage":"pt-BR"},{"@type":"Organization","@id":"https:\/\/dev.leselfes.com\/#organization","name":"Les Elfes International","alternateName":"Les Elfes International","url":"https:\/\/dev.leselfes.com\/","logo":{"@type":"ImageObject","inLanguage":"pt-BR","@id":"https:\/\/dev.leselfes.com\/#\/schema\/logo\/image\/","url":"https:\/\/www.leselfes.com\/wp-content\/uploads\/2022\/03\/leselfes-logo.png","contentUrl":"https:\/\/www.leselfes.com\/wp-content\/uploads\/2022\/03\/leselfes-logo.png","width":233,"height":51,"caption":"Les Elfes International"},"image":{"@id":"https:\/\/dev.leselfes.com\/#\/schema\/logo\/image\/"},"sameAs":["https:\/\/www.facebook.com\/LesElfesVerbier","https:\/\/x.com\/LesElfesCamps","https:\/\/www.instagram.com\/leselfes","https:\/\/www.linkedin.com\/company\/les-elfes-international","https:\/\/www.youtube.com\/user\/LesElfesVerbier"]}]}},"_links":{"self":[{"href":"https:\/\/www.leselfes.com\/pt-br\/wp-json\/wp\/v2\/pages\/89567"}],"collection":[{"href":"https:\/\/www.leselfes.com\/pt-br\/wp-json\/wp\/v2\/pages"}],"about":[{"href":"https:\/\/www.leselfes.com\/pt-br\/wp-json\/wp\/v2\/types\/page"}],"author":[{"embeddable":true,"href":"https:\/\/www.leselfes.com\/pt-br\/wp-json\/wp\/v2\/users\/19"}],"replies":[{"embeddable":true,"href":"https:\/\/www.leselfes.com\/pt-br\/wp-json\/wp\/v2\/comments?post=89567"}],"version-history":[{"count":0,"href":"https:\/\/www.leselfes.com\/pt-br\/wp-json\/wp\/v2\/pages\/89567\/revisions"}],"wp:attachment":[{"href":"https:\/\/www.leselfes.com\/pt-br\/wp-json\/wp\/v2\/media?parent=89567"}],"curies":[{"name":"wp","href":"https:\/\/api.w.org\/{rel}","templated":true}]}}