{"id":86082,"date":"2024-04-19T17:52:05","date_gmt":"2024-04-19T15:52:05","guid":{"rendered":"https:\/\/www.leselfes.com\/isencao-de-responsabilidade\/"},"modified":"2024-10-02T17:42:45","modified_gmt":"2024-10-02T15:42:45","slug":"isencao-de-responsabilidade","status":"publish","type":"page","link":"https:\/\/www.leselfes.com\/pt-pt\/isencao-de-responsabilidade\/","title":{"rendered":"Isen\u00e7\u00e3o de responsabilidade"},"content":{"rendered":"<h1>Isen\u00e7\u00e3o de responsabilidade Les Elfes International<\/h1>\n\n<!-- Legal document generated by Complianz | GDPR\/CCPA Cookie Consent https:\/\/wordpress.org\/plugins\/complianz-gdpr -->\n<div id=\"cmplz-document\" class=\"cmplz-document disclaimer cmplz-document-all\"><p>Les Elfes International tem o compromisso de manter este site atualizado e preciso. Se, no entanto, encontrar algo que esteja incorreto ou desatualizado, agradecer\u00edamos nos informe. Indique onde leu as informa\u00e7\u00f5es no site. De seguida, examinaremos o mais r\u00e1pido poss\u00edvel. Envie sua resposta por e-mail para: <span class=\"cmplz-obfuscate\">&#105;n&#102;o@<span class=\"cmplz-fmail-domain\">ex&#046;com<\/span>l&#101;&#115;el&#102;&#101;&#115;.c&#111;&#109;<\/span>.<\/p><p>N\u00e3o nos responsabilizamos por perdas resultantes de imprecis\u00f5es ou informa\u00e7\u00e3o incompleta, nem por perdas causadas por ou inerentes \u00e0 divulga\u00e7\u00e3o de informa\u00e7\u00f5es pela internet, como perturba\u00e7\u00f5es ou interrup\u00e7\u00f5es. Ao usar formul\u00e1rios da web, esfor\u00e7amos-nos para limitar ao m\u00ednimo o n\u00famero de campos obrigat\u00f3rios. Por qualquer perda sofrida como resultado do uso de dados, conselhos ou ideias fornecidos por ou em nome de Les Elfes International atrav\u00e9s deste site, Les Elfes International n\u00e3o se responsabiliza.<\/p><p>O uso do site e de todos os seus componentes (incluindo f\u00f3runs) est\u00e1 sujeito aos <a href=\"https:\/\/www.leselfes.com\/imprint\/\" target=\"_blank\">termos de uso<\/a>. A simples utiliza\u00e7\u00e3o deste site implica no conhecimento e aceita\u00e7\u00e3o destes termos de uso.<\/p><p>Todos os direitos de propriedade intelectual do conte\u00fado deste site s\u00e3o de Les Elfes International ou de terceiros que colocaram o conte\u00fado por conta pr\u00f3pria ou de quem Les Elfes International obteve uma licen\u00e7a de utiliza\u00e7\u00e3o.<\/p><p>A c\u00f3pia, dissemina\u00e7\u00e3o e qualquer outro uso desses materiais n\u00e3o s\u00e3o permitidos sem a permiss\u00e3o por escrito de Les Elfes International, exceto e apenas na medida em que estipulado de outra forma nos regulamentos da lei obrigat\u00f3ria (como o direito de citar), a menos que o conte\u00fado espec\u00edfico dite o contr\u00e1rio.<\/p><p>Se tiver d\u00favidas ou problemas com a acessibilidade do site, n\u00e3o hesite em nos contactar.<\/p><\/div>","protected":false},"excerpt":{"rendered":"<p>Isen\u00e7\u00e3o de responsabilidade Les Elfes International<\/p>\n","protected":false},"author":19,"featured_media":0,"parent":0,"menu_order":0,"comment_status":"closed","ping_status":"closed","template":"","meta":{"_acf_changed":false,"inline_featured_image":false,"footnotes":""},"class_list":["post-86082","page","type-page","status-publish"],"acf":[],"yoast_head":"<!-- This site is optimized with the Yoast SEO Premium plugin v24.2 (Yoast SEO v24.7) - https:\/\/yoast.com\/wordpress\/plugins\/seo\/ -->\n<title>Isen\u00e7\u00e3o de responsabilidade - Les Elfes International Camps Switzerland<\/title>\n<meta name=\"description\" content=\"Aprende sobre Les Elfes International com a nossa declara\u00e7\u00e3o de exonera\u00e7\u00e3o de responsabilidade detalhada. Entende nossas pol\u00edticas e diretrizes sobre as informa\u00e7\u00f5es do nosso site.\" \/>\n<meta name=\"robots\" content=\"index, follow, max-snippet:-1, max-image-preview:large, max-video-preview:-1\" \/>\n<link rel=\"canonical\" href=\"https:\/\/www.leselfes.com\/pt-pt\/isencao-de-responsabilidade\/\" \/>\n<meta property=\"og:locale\" content=\"pt_PT\" \/>\n<meta property=\"og:type\" content=\"article\" \/>\n<meta property=\"og:title\" content=\"Isen\u00e7\u00e3o de responsabilidade\" \/>\n<meta property=\"og:description\" content=\"Aprende sobre Les Elfes International com a nossa declara\u00e7\u00e3o de exonera\u00e7\u00e3o de responsabilidade detalhada. Entende nossas pol\u00edticas e diretrizes sobre as informa\u00e7\u00f5es do nosso site.\" \/>\n<meta property=\"og:url\" content=\"https:\/\/www.leselfes.com\/pt-pt\/isencao-de-responsabilidade\/\" \/>\n<meta property=\"og:site_name\" content=\"Les Elfes International Camps Switzerland\" \/>\n<meta property=\"article:publisher\" content=\"https:\/\/www.facebook.com\/LesElfesVerbier\" \/>\n<meta property=\"article:modified_time\" content=\"2024-10-02T15:42:45+00:00\" \/>\n<meta property=\"og:image\" content=\"https:\/\/www.leselfes.com\/wp-content\/uploads\/2022\/02\/Les-Elfes-International-summer-camp-Switzerland-Staff-Mobile-591x555-1.jpg\" \/>\n\t<meta property=\"og:image:width\" content=\"591\" \/>\n\t<meta property=\"og:image:height\" content=\"555\" \/>\n\t<meta property=\"og:image:type\" content=\"image\/jpeg\" \/>\n<meta name=\"twitter:card\" content=\"summary_large_image\" \/>\n<meta name=\"twitter:site\" content=\"@LesElfesCamps\" \/>\n<script type=\"application\/ld+json\" class=\"yoast-schema-graph\">{\"@context\":\"https:\/\/schema.org\",\"@graph\":[{\"@type\":\"WebPage\",\"@id\":\"https:\/\/www.leselfes.com\/pt-pt\/isencao-de-responsabilidade\/\",\"url\":\"https:\/\/www.leselfes.com\/pt-pt\/isencao-de-responsabilidade\/\",\"name\":\"Isen\u00e7\u00e3o de responsabilidade - Les Elfes International Camps Switzerland\",\"isPartOf\":{\"@id\":\"https:\/\/dev.leselfes.com\/#website\"},\"datePublished\":\"2024-04-19T15:52:05+00:00\",\"dateModified\":\"2024-10-02T15:42:45+00:00\",\"description\":\"Aprende sobre Les Elfes International com a nossa declara\u00e7\u00e3o de exonera\u00e7\u00e3o de responsabilidade detalhada. Entende nossas pol\u00edticas e diretrizes sobre as informa\u00e7\u00f5es do nosso site.\",\"breadcrumb\":{\"@id\":\"https:\/\/www.leselfes.com\/pt-pt\/isencao-de-responsabilidade\/#breadcrumb\"},\"inLanguage\":\"pt-PT\",\"potentialAction\":[{\"@type\":\"ReadAction\",\"target\":[\"https:\/\/www.leselfes.com\/pt-pt\/isencao-de-responsabilidade\/\"]}]},{\"@type\":\"BreadcrumbList\",\"@id\":\"https:\/\/www.leselfes.com\/pt-pt\/isencao-de-responsabilidade\/#breadcrumb\",\"itemListElement\":[{\"@type\":\"ListItem\",\"position\":1,\"name\":\"Home\",\"item\":\"https:\/\/www.leselfes.com\/pt-pt\/\"},{\"@type\":\"ListItem\",\"position\":2,\"name\":\"Isen\u00e7\u00e3o de responsabilidade\"}]},{\"@type\":\"WebSite\",\"@id\":\"https:\/\/dev.leselfes.com\/#website\",\"url\":\"https:\/\/dev.leselfes.com\/\",\"name\":\"Les Elfes International\",\"description\":\"Les Elfes International, Verbier Switzerland. Summer Camp, Winter Camp, Spring Camps.\",\"publisher\":{\"@id\":\"https:\/\/dev.leselfes.com\/#organization\"},\"alternateName\":\"Les Elfes International\",\"potentialAction\":[{\"@type\":\"SearchAction\",\"target\":{\"@type\":\"EntryPoint\",\"urlTemplate\":\"https:\/\/dev.leselfes.com\/?s={search_term_string}\"},\"query-input\":{\"@type\":\"PropertyValueSpecification\",\"valueRequired\":true,\"valueName\":\"search_term_string\"}}],\"inLanguage\":\"pt-PT\"},{\"@type\":\"Organization\",\"@id\":\"https:\/\/dev.leselfes.com\/#organization\",\"name\":\"Les Elfes International\",\"alternateName\":\"Les Elfes International\",\"url\":\"https:\/\/dev.leselfes.com\/\",\"logo\":{\"@type\":\"ImageObject\",\"inLanguage\":\"pt-PT\",\"@id\":\"https:\/\/dev.leselfes.com\/#\/schema\/logo\/image\/\",\"url\":\"https:\/\/www.leselfes.com\/wp-content\/uploads\/2022\/03\/leselfes-logo.png\",\"contentUrl\":\"https:\/\/www.leselfes.com\/wp-content\/uploads\/2022\/03\/leselfes-logo.png\",\"width\":233,\"height\":51,\"caption\":\"Les Elfes International\"},\"image\":{\"@id\":\"https:\/\/dev.leselfes.com\/#\/schema\/logo\/image\/\"},\"sameAs\":[\"https:\/\/www.facebook.com\/LesElfesVerbier\",\"https:\/\/x.com\/LesElfesCamps\",\"https:\/\/www.instagram.com\/leselfes\",\"https:\/\/www.linkedin.com\/company\/les-elfes-international\",\"https:\/\/www.youtube.com\/user\/LesElfesVerbier\"]}]}<\/script>\n<!-- \/ Yoast SEO Premium plugin. -->","yoast_head_json":{"title":"Isen\u00e7\u00e3o de responsabilidade - Les Elfes International Camps Switzerland","description":"Aprende sobre Les Elfes International com a nossa declara\u00e7\u00e3o de exonera\u00e7\u00e3o de responsabilidade detalhada. Entende nossas pol\u00edticas e diretrizes sobre as informa\u00e7\u00f5es do nosso site.","robots":{"index":"index","follow":"follow","max-snippet":"max-snippet:-1","max-image-preview":"max-image-preview:large","max-video-preview":"max-video-preview:-1"},"canonical":"https:\/\/www.leselfes.com\/pt-pt\/isencao-de-responsabilidade\/","og_locale":"pt_PT","og_type":"article","og_title":"Isen\u00e7\u00e3o de responsabilidade","og_description":"Aprende sobre Les Elfes International com a nossa declara\u00e7\u00e3o de exonera\u00e7\u00e3o de responsabilidade detalhada. Entende nossas pol\u00edticas e diretrizes sobre as informa\u00e7\u00f5es do nosso site.","og_url":"https:\/\/www.leselfes.com\/pt-pt\/isencao-de-responsabilidade\/","og_site_name":"Les Elfes International Camps Switzerland","article_publisher":"https:\/\/www.facebook.com\/LesElfesVerbier","article_modified_time":"2024-10-02T15:42:45+00:00","og_image":[{"width":591,"height":555,"url":"https:\/\/www.leselfes.com\/wp-content\/uploads\/2022\/02\/Les-Elfes-International-summer-camp-Switzerland-Staff-Mobile-591x555-1.jpg","type":"image\/jpeg"}],"twitter_card":"summary_large_image","twitter_site":"@LesElfesCamps","schema":{"@context":"https:\/\/schema.org","@graph":[{"@type":"WebPage","@id":"https:\/\/www.leselfes.com\/pt-pt\/isencao-de-responsabilidade\/","url":"https:\/\/www.leselfes.com\/pt-pt\/isencao-de-responsabilidade\/","name":"Isen\u00e7\u00e3o de responsabilidade - Les Elfes International Camps Switzerland","isPartOf":{"@id":"https:\/\/dev.leselfes.com\/#website"},"datePublished":"2024-04-19T15:52:05+00:00","dateModified":"2024-10-02T15:42:45+00:00","description":"Aprende sobre Les Elfes International com a nossa declara\u00e7\u00e3o de exonera\u00e7\u00e3o de responsabilidade detalhada. Entende nossas pol\u00edticas e diretrizes sobre as informa\u00e7\u00f5es do nosso site.","breadcrumb":{"@id":"https:\/\/www.leselfes.com\/pt-pt\/isencao-de-responsabilidade\/#breadcrumb"},"inLanguage":"pt-PT","potentialAction":[{"@type":"ReadAction","target":["https:\/\/www.leselfes.com\/pt-pt\/isencao-de-responsabilidade\/"]}]},{"@type":"BreadcrumbList","@id":"https:\/\/www.leselfes.com\/pt-pt\/isencao-de-responsabilidade\/#breadcrumb","itemListElement":[{"@type":"ListItem","position":1,"name":"Home","item":"https:\/\/www.leselfes.com\/pt-pt\/"},{"@type":"ListItem","position":2,"name":"Isen\u00e7\u00e3o de responsabilidade"}]},{"@type":"WebSite","@id":"https:\/\/dev.leselfes.com\/#website","url":"https:\/\/dev.leselfes.com\/","name":"Les Elfes International","description":"Les Elfes International, Verbier Switzerland. Summer Camp, Winter Camp, Spring Camps.","publisher":{"@id":"https:\/\/dev.leselfes.com\/#organization"},"alternateName":"Les Elfes International","potentialAction":[{"@type":"SearchAction","target":{"@type":"EntryPoint","urlTemplate":"https:\/\/dev.leselfes.com\/?s={search_term_string}"},"query-input":{"@type":"PropertyValueSpecification","valueRequired":true,"valueName":"search_term_string"}}],"inLanguage":"pt-PT"},{"@type":"Organization","@id":"https:\/\/dev.leselfes.com\/#organization","name":"Les Elfes International","alternateName":"Les Elfes International","url":"https:\/\/dev.leselfes.com\/","logo":{"@type":"ImageObject","inLanguage":"pt-PT","@id":"https:\/\/dev.leselfes.com\/#\/schema\/logo\/image\/","url":"https:\/\/www.leselfes.com\/wp-content\/uploads\/2022\/03\/leselfes-logo.png","contentUrl":"https:\/\/www.leselfes.com\/wp-content\/uploads\/2022\/03\/leselfes-logo.png","width":233,"height":51,"caption":"Les Elfes International"},"image":{"@id":"https:\/\/dev.leselfes.com\/#\/schema\/logo\/image\/"},"sameAs":["https:\/\/www.facebook.com\/LesElfesVerbier","https:\/\/x.com\/LesElfesCamps","https:\/\/www.instagram.com\/leselfes","https:\/\/www.linkedin.com\/company\/les-elfes-international","https:\/\/www.youtube.com\/user\/LesElfesVerbier"]}]}},"_links":{"self":[{"href":"https:\/\/www.leselfes.com\/pt-pt\/wp-json\/wp\/v2\/pages\/86082"}],"collection":[{"href":"https:\/\/www.leselfes.com\/pt-pt\/wp-json\/wp\/v2\/pages"}],"about":[{"href":"https:\/\/www.leselfes.com\/pt-pt\/wp-json\/wp\/v2\/types\/page"}],"author":[{"embeddable":true,"href":"https:\/\/www.leselfes.com\/pt-pt\/wp-json\/wp\/v2\/users\/19"}],"replies":[{"embeddable":true,"href":"https:\/\/www.leselfes.com\/pt-pt\/wp-json\/wp\/v2\/comments?post=86082"}],"version-history":[{"count":0,"href":"https:\/\/www.leselfes.com\/pt-pt\/wp-json\/wp\/v2\/pages\/86082\/revisions"}],"wp:attachment":[{"href":"https:\/\/www.leselfes.com\/pt-pt\/wp-json\/wp\/v2\/media?parent=86082"}],"curies":[{"name":"wp","href":"https:\/\/api.w.org\/{rel}","templated":true}]}}